{"id":100,"date":"2021-02-24T09:34:14","date_gmt":"2021-02-24T09:34:14","guid":{"rendered":"https:\/\/amacac.com.mx\/?page_id=100"},"modified":"2022-05-09T00:14:12","modified_gmt":"2022-05-09T00:14:12","slug":"contacto-2","status":"publish","type":"page","link":"https:\/\/amacac.com.mx\/?page_id=100","title":{"rendered":"Contacto"},"content":{"rendered":"\n<h3 class=\"has-text-align-left has-text-color wp-block-heading\" style=\"color:#f25ea3\">Gracias por su inter\u00e9s en nuestros servicios. Para mayor informaci\u00f3n haga contacto con nosotros a trav\u00e9s del siguiente formato y en breve nos estaremos comunicando.<\/h3>\n\n\n\n<h3 class=\"has-text-align-left has-text-color wp-block-heading\" style=\"color:#f25ea3\">Tel\u00e9fono: 55399280<\/h3>\n\n\n\n<h3 class=\"has-text-align-left has-text-color wp-block-heading\" style=\"color:#f25ea3\">Correo electr\u00f3nico:<\/h3>\n\n\n\n<h3 class=\"has-text-align-left has-text-color wp-block-heading\" style=\"color:#f25ea3\"> info@lunaguerrayasociados.com.mx<\/h3>\n\n\n\n<div class=\"wp-block-buttons is-layout-flex wp-block-buttons-is-layout-flex\"><\/div>\n\n\n\n<div class=\"wp-block-buttons is-horizontal is-content-justification-center is-layout-flex wp-container-core-buttons-is-layout-499968f5 wp-block-buttons-is-layout-flex\"><\/div>\n\n\n\n<div class=\"wp-block-buttons is-layout-flex wp-block-buttons-is-layout-flex\"><\/div>\n\n\n\n<div class=\"wp-block-buttons is-layout-flex wp-block-buttons-is-layout-flex\"><\/div>\n","protected":false},"excerpt":{"rendered":"<p>Gracias por su inter\u00e9s en nuestros servicios. Para mayor informaci\u00f3n haga contacto con nosotros a trav\u00e9s del siguiente formato y en breve nos estaremos comunicando. Tel\u00e9fono: 55399280 Correo electr\u00f3nico: info@lunaguerrayasociados.com.mx<\/p>\n","protected":false},"author":1,"featured_media":0,"parent":0,"menu_order":0,"comment_status":"closed","ping_status":"closed","template":"","meta":{"footnotes":""},"class_list":["post-100","page","type-page","status-publish","hentry","post"],"_links":{"self":[{"href":"https:\/\/amacac.com.mx\/index.php?rest_route=\/wp\/v2\/pages\/100","targetHints":{"allow":["GET"]}}],"collection":[{"href":"https:\/\/amacac.com.mx\/index.php?rest_route=\/wp\/v2\/pages"}],"about":[{"href":"https:\/\/amacac.com.mx\/index.php?rest_route=\/wp\/v2\/types\/page"}],"author":[{"embeddable":true,"href":"https:\/\/amacac.com.mx\/index.php?rest_route=\/wp\/v2\/users\/1"}],"replies":[{"embeddable":true,"href":"https:\/\/amacac.com.mx\/index.php?rest_route=%2Fwp%2Fv2%2Fcomments&post=100"}],"version-history":[{"count":8,"href":"https:\/\/amacac.com.mx\/index.php?rest_route=\/wp\/v2\/pages\/100\/revisions"}],"predecessor-version":[{"id":453,"href":"https:\/\/amacac.com.mx\/index.php?rest_route=\/wp\/v2\/pages\/100\/revisions\/453"}],"wp:attachment":[{"href":"https:\/\/amacac.com.mx\/index.php?rest_route=%2Fwp%2Fv2%2Fmedia&parent=100"}],"curies":[{"name":"wp","href":"https:\/\/api.w.org\/{rel}","templated":true}]}}