{"id":127,"date":"2021-02-25T04:44:29","date_gmt":"2021-02-25T04:44:29","guid":{"rendered":"https:\/\/amacac.com.mx\/?page_id=127"},"modified":"2021-02-25T04:44:30","modified_gmt":"2021-02-25T04:44:30","slug":"boletin-quincenal-numero-225-segunda-quincena-de-agosto-de-2019","status":"publish","type":"page","link":"https:\/\/amacac.com.mx\/?page_id=127","title":{"rendered":"BOLET\u00cdN QUINCENAL. N\u00daMERO 225 SEGUNDA QUINCENA DE AGOSTO DE 2019"},"content":{"rendered":"\n<p>FISCAL<\/p>\n\n\n\n<p>El gobierno de la Ciudad de M\u00e9xico y el Servicio de Administraci\u00f3n Tributaria (SAT) presentaron el programa &#8220;S\u00famate&#8221;, el cual busca acercar al comercio informal a la formalidad. En conferencia de prensa, Margarita R\u00edos-Farjat, jefa del SAT explic\u00f3 que este programa buscar\u00e1 ayudar a peque\u00f1os comercios a que se unan al padr\u00f3n de contribuyentes, o bien, aprendan a facturar si es que ya est\u00e1n inscritos. El programa S\u00famate se cre\u00f3 en el 2006 bajo el nombre de Programa de Actualizaci\u00f3n y Registros, y ha estado en diferentes entidades del pa\u00eds, siendo la primera vez que est\u00e1 en M\u00e9xico.<\/p>\n\n\n\n<p>FINANZAS<\/p>\n\n\n\n<p>El titular de Hacienda dijo &#8220;Respeto irrestricto a la autonom\u00eda del Banco de M\u00e9xico&#8221; El titular de Hacienda fue entrevistado en el Senado de la Rep\u00fablica a donde acudi\u00f3 a la inauguraci\u00f3n del Conversatorio: M\u00e9xico, integraci\u00f3n econ\u00f3mica mundial y pol\u00edtica comercial del gobierno de la 4T y su impacto en la hacienda p\u00fablica. La semana pasada, el Presidente de la Rep\u00fablica dijo que el Banxico opin\u00f3 de m\u00e1s en su \u00faltimo informe sobre pol\u00edtica monetaria, al hacer recomendaciones que tienen que ver con pol\u00edtica macroecon\u00f3mica. &#8220;Respeto irrestricto a la autonom\u00eda del Banco de M\u00e9xico&#8221;, garantiz\u00f3 el Secretario de Hacienda, Arturo Herrera Guti\u00e9rrez, cuando se le pregunt\u00f3 sobre las declaraciones del presidente Andr\u00e9s Manuel L\u00f3pez Obrador respecto a que Banxico opina m\u00e1s de la cuenta.<\/p>\n\n\n\n<p>POLITICO<\/p>\n\n\n\n<p>ACUERDO de la Junta Directiva del Instituto Federal de Defensor\u00eda P\u00fablica, por el que se aprueba el cierre de la Delegaci\u00f3n Baja California Mexicali y la creaci\u00f3n de la Delegaci\u00f3n del Instituto Federal de Defensor\u00eda P\u00fablica en el Estado de Hidalgo. La necesidad de crear la delegaci\u00f3n en el estado de Hidalgo, tambi\u00e9n atiende al crecimiento de la demanda en dicha entidad federativa de servicios de defensa penal y asesor\u00eda jur\u00eddica, que actualmente coordina la Delegaci\u00f3n Regional Quer\u00e9taro, situaci\u00f3n que complica el control administrativo y el eficiente seguimiento de la prestaci\u00f3n del servicio sustantivo. }La supresi\u00f3n de la figura del Delegado en Mexicali no implicar\u00eda un problema operativo, ya que los defensores y asesores, as\u00ed como el personal que los auxilia, y que actualmente se encuentran prestando sus servicios en dicha ciudad, se mantendr\u00edan en la misma y \u00fanicamente ser\u00edan coordinados por el Delegado de Tijuana; por el contrario, el establecimiento de una sola delegaci\u00f3n en el Estado de Baja California har\u00e1 m\u00e1s eficiente la atenci\u00f3n de los diversos requerimientos por parte de los \u00d3rganos Jurisdiccionales en los temas de designaciones as\u00ed como de sustituciones de defensores p\u00fablicos y asesores jur\u00eddicos.<\/p>\n\n\n\n<p>INTERNACIONAL<\/p>\n\n\n\n<p>Boris Johnson: &#8220;Reino Unido no puede aceptar el acuerdo actual del Brexit&#8221; Reino Unido &#8220;no puede aceptar&#8221; el actual acuerdo de divorcio con la Uni\u00f3n Europea, ha advertido este mi\u00e9rcoles en Berl\u00edn el primer ministro brit\u00e1nico, Boris Johnson. Su idea es renegociar el acuerdo del Brexit y eliminar la actual salvaguarda irlandesa, el llamado back stop, una soluci\u00f3n transitoria al problema de la frontera entre Irlanda -que seguir\u00e1 formando parte de la UE- e Irlanda del Norte, territorio brit\u00e1nico . La UE quiere evitar a toda costa el resurgimiento de las tensiones entre cat\u00f3licos y protestantes en la isla irlandesa tras el Brexit.<\/p>\n\n\n\n<p>SAGRADAS ESCRITURAS<\/p>\n\n\n\n<p>Romanos 8:15-17 Pues no hab\u00e9is recibido un esp\u00edritu de esclavitud para volver otra vez al temor, sino que hab\u00e9is recibido un esp\u00edritu de adopci\u00f3n como hijos, por el cual clamamos: \u00a1Abba, Padre! El Esp\u00edritu mismo da testimonio a nuestro esp\u00edritu de que somos hijos de Dios, y si hijos, tambi\u00e9n herederos; herederos de Dios y coherederos con Cristo, si en verdad padecemos con {El} a fin de que tambi\u00e9n seamos glorificados con {El}.<\/p>\n\n\n\n<p>Esdras 9:1<\/p>\n\n\n\n<p>Y acabadas estas cosas, se me acercaron los pr\u00edncipes, diciendo: El pueblo de Israel, los sacerdotes y los levitas no se han separado de los pueblos de las tierras y sus abominaciones: de los cananeos, hititas, ferezeos, jebuseos, amonitas, moabitas, egipcios y amorreos;<\/p>\n\n\n\n<p>DISCAPACITADOS SOBRESALIENTES<\/p>\n\n\n\n<p>Juan Pablo y Tridente llegan a su meta Uno de los deportes m\u00e1s exigentes y atractivos que puede practicar el ser humano es el triatl\u00f3n. La disciplina que se requiere, la preparaci\u00f3n f\u00edsica y mental, son fundamentales para lograr la meta y ayer, esto se demostr\u00f3 en la Perla Tapat\u00eda con la tercera edici\u00f3n del Triatl\u00f3n OSM, que forma parte del calendario Premium de la Federaci\u00f3n Mexicana de Triatl\u00f3n. Juan Pablo tiene 11 a\u00f1os y no es la primera vez que compite en carriola en un evento de esta magnitud, ya estuvo en carreras, rutas ciclistas y ahora en un triatl\u00f3n y muy pronto lo intentar\u00e1 a pie, una de sus m\u00e1s grandes metas. El andar de Juanpi y Mario comenz\u00f3 en Fresnillo, Zacatecas, &#8220;cuando particip\u00f3 el primer ciego a nivel mundial en un Ultraman, y \u00e9l dec\u00eda que la sociedad no debe adaptarse a los discapacitados, sino que los discapacitados deben adaptarse a la sociedad y el mejor ejemplo es la estimulaci\u00f3n que hay a los ni\u00f1os para que sean como cualquier ciudadano, sin que nadie se apiade de ellos, que sean como cualquier otro&#8221;, sigui\u00f3 Mario Quintero.<\/p>\n\n\n\n<p>VIDEOS ADJUNTOS<\/p>\n\n\n\n<figure class=\"wp-block-embed is-type-video is-provider-youtube wp-block-embed-youtube wp-embed-aspect-4-3 wp-has-aspect-ratio\"><div class=\"wp-block-embed__wrapper\">\n<iframe loading=\"lazy\" title=\"Necesitas Algo De Motivacion ? CONOCE A NICK\" width=\"1140\" height=\"855\" src=\"https:\/\/www.youtube.com\/embed\/wiHEPO6BgX8?feature=oembed\" frameborder=\"0\" allow=\"accelerometer; autoplay; clipboard-write; encrypted-media; gyroscope; picture-in-picture\" allowfullscreen><\/iframe>\n<\/div><\/figure>\n\n\n\n<p>CURSOS EN PROGRAMACI\u00d3N<\/p>\n\n\n\n<p>Por confirmar.<\/p>\n\n\n\n<p>INVITACI\u00d3N \u00bfCONOCES ALGUNA PERSONA DISCAPACITADA FISICA PERO NO MENTAL PARA TRABAJOS ADMINISTRATIVOS? Proporci\u00f3nanos sus datos. Gracias.<\/p>\n\n\n\n<p>DERECHOS DE LOS DISCAPACITADOS<\/p>\n\n\n\n<p>\u00bfCONOCES A ALGUN DISCAPACITADO, DEL CUAL SE HAYAN VIOLADO SUS DERECHOS? CONTACTANOS, DEFENSA LEGAL AL DISCAPACITADO EN TODAS LAS AREAS.<\/p>\n\n\n\n<p>REFLEXION<\/p>\n\n\n\n<p>Mientras el coraz\u00f3n late, mientras el cuerpo y alma siguen juntos, no puedo admitir que cualquier criatura dotada de voluntad tenga necesidad de perder la esperanza en la vida.-Viaje al centro de la tierra de Julio Verne.<\/p>\n\n\n\n<p>MEDIACI\u00d3N<\/p>\n\n\n\n<p>Si tienes problemas en materia familiar, civil o mercantil, nosotros lo resolvemos mediante mediaci\u00f3n, sin conflictos.<\/p>\n","protected":false},"excerpt":{"rendered":"<p>FISCAL El gobierno de la Ciudad de M\u00e9xico y el Servicio de Administraci\u00f3n Tributaria (SAT) presentaron el programa &#8220;S\u00famate&#8221;, el cual busca acercar al comercio informal a la formalidad. En conferencia de prensa, Margarita R\u00edos-Farjat, jefa del SAT explic\u00f3 que este programa buscar\u00e1 ayudar a peque\u00f1os comercios a que se unan al padr\u00f3n de contribuyentes, [&hellip;]<\/p>\n","protected":false},"author":1,"featured_media":0,"parent":0,"menu_order":0,"comment_status":"closed","ping_status":"closed","template":"","meta":{"footnotes":""},"class_list":["post-127","page","type-page","status-publish","hentry","post"],"_links":{"self":[{"href":"https:\/\/amacac.com.mx\/index.php?rest_route=\/wp\/v2\/pages\/127","targetHints":{"allow":["GET"]}}],"collection":[{"href":"https:\/\/amacac.com.mx\/index.php?rest_route=\/wp\/v2\/pages"}],"about":[{"href":"https:\/\/amacac.com.mx\/index.php?rest_route=\/wp\/v2\/types\/page"}],"author":[{"embeddable":true,"href":"https:\/\/amacac.com.mx\/index.php?rest_route=\/wp\/v2\/users\/1"}],"replies":[{"embeddable":true,"href":"https:\/\/amacac.com.mx\/index.php?rest_route=%2Fwp%2Fv2%2Fcomments&post=127"}],"version-history":[{"count":1,"href":"https:\/\/amacac.com.mx\/index.php?rest_route=\/wp\/v2\/pages\/127\/revisions"}],"predecessor-version":[{"id":128,"href":"https:\/\/amacac.com.mx\/index.php?rest_route=\/wp\/v2\/pages\/127\/revisions\/128"}],"wp:attachment":[{"href":"https:\/\/amacac.com.mx\/index.php?rest_route=%2Fwp%2Fv2%2Fmedia&parent=127"}],"curies":[{"name":"wp","href":"https:\/\/api.w.org\/{rel}","templated":true}]}}