{"id":129,"date":"2021-02-25T04:46:49","date_gmt":"2021-02-25T04:46:49","guid":{"rendered":"https:\/\/amacac.com.mx\/?page_id=129"},"modified":"2021-02-25T04:46:50","modified_gmt":"2021-02-25T04:46:50","slug":"boletin-quincenal-numero-226-primera-quincena-de-septiembre-de-2019","status":"publish","type":"page","link":"https:\/\/amacac.com.mx\/?page_id=129","title":{"rendered":"BOLET\u00cdN QUINCENAL. N\u00daMERO 226 PRIMERA QUINCENA DE SEPTIEMBRE DE 2019"},"content":{"rendered":"\n<p>FISCAL<\/p>\n\n\n\n<p>ACUERDO que modifica las Reglas de car\u00e1cter general para la recepci\u00f3n de informaci\u00f3n de declaraciones fiscales y la recaudaci\u00f3n de recursos federales por parte de las instituciones de cr\u00e9dito. mediante &#8220;Acuerdo que modifica las Reglas de car\u00e1cter general para la recepci\u00f3n de informaci\u00f3n de declaraciones fiscales y la recaudaci\u00f3n de recursos federales por parte de las instituciones de cr\u00e9dito&#8221;, publicado en el Diario Oficial de la Federaci\u00f3n el 29 de marzo de 2019, se reform\u00f3 el transitorio Primero, p\u00e1rrafo segundo, de las Reglas modificando el plazo para la recepci\u00f3n de informaci\u00f3n de declaraciones fiscales y la recaudaci\u00f3n de contribuciones provenientes de operaciones de comercio exterior y dem\u00e1s que deban pagarse conjuntamente con \u00e9stas, con la finalidad de conservar los altos est\u00e1ndares de calidad y seguridad de la informaci\u00f3n en dichas funciones, y resulta necesario continuar con las pruebas de funcionalidad y realizar y vigilar las pruebas de funcionalidad del sistema de rendici\u00f3n de cuentas que permita garantizar que la recaudaci\u00f3n que se obtenga con motivo de las operaciones de comercio exterior, se transfiera a la Tesorer\u00eda de la Federaci\u00f3n por lo cual resulta necesario ampliar el plazo previsto en el transitorio Primero, p\u00e1rrafo segundo, de las Reglas,<\/p>\n\n\n\n<p>ACUERDO<\/p>\n\n\n\n<p>La recepci\u00f3n de informaci\u00f3n de declaraciones fiscales y la recaudaci\u00f3n de contribuciones provenientes de operaciones de comercio exterior y dem\u00e1s que deban pagarse conjuntamente con \u00e9stas, quedar\u00e1n sujetas a las presentes Reglas, as\u00ed como al Anexo 2 a que se refiere la Regla Octava de las mismas hasta los 1068 d\u00edas naturales siguientes a la publicaci\u00f3n de las presentes Reglas en el Diario Oficial de la Federaci\u00f3n.<\/p>\n\n\n\n<p>FINANZAS<\/p>\n\n\n\n<p>TASAS de inter\u00e9s interbancarias de equilibrio El Banco de M\u00e9xico, con fundamento en los art\u00edculos 8o. y 10 del Reglamento Interior del Banco de M\u00e9xico y de conformidad con el procedimiento establecido en el Cap\u00edtulo IV del T\u00edtulo Tercero de su Circular 3\/2012, informa que las Tasas de Inter\u00e9s Interbancarias de Equilibrio en moneda nacional (TIIE) a plazos de 28 y 91 d\u00edas obtenidas el d\u00eda de hoy, fueron de 8.2625 y 8.2200 por ciento, respectivamente. Las citadas Tasas de Inter\u00e9s se calcularon con base en las cotizaciones presentadas por las siguientes instituciones de banca m\u00faltiple: Banco Santander S.A., Banco Nacional de M\u00e9xico S.A., Banco Inbursa S.A., Banco Invex S.A., Banco J.P. Morgan S.A., Banco Azteca S.A. y ScotiaBank Inverlat S.A.<\/p>\n\n\n\n<p>POLITICO<\/p>\n\n\n\n<p>CIRCULAR por la que se comunica a las dependencias, Fiscal\u00eda General de la Rep\u00fablica y equivalentes de las entidades de la Administraci\u00f3n P\u00fablica Federal y de los gobiernos de las entidades federativas, que en cumplimiento a la sentencia definitiva emitida en el juicio contencioso administrativo 14530\/16-17-06-5, por la Sexta Sala Regional Metropolitana del Tribunal Federal de Justicia Administrativa, se dej\u00f3 sin efectos la resoluci\u00f3n de diecinueve de mayo de dos mil diecis\u00e9is, dictada en el expediente administrativo de sanci\u00f3n SAN\/004\/2015, a la persona moral Fejastec, S.A. de C.V. Con fundamento en lo dispuesto en los art\u00edculos 1, 14, 16 y 134 de la Constituci\u00f3n Pol\u00edtica de los Estados Unidos Mexicanos; 37, fracciones XII, XXVII y XXIX y 45 de la Ley Org\u00e1nica de la Administraci\u00f3n P\u00fablica Federal; 62 de la Ley Federal de las Entidades Paraestatales; 3, p\u00e1rrafos segundo y tercero del Estatuto Org\u00e1nico del Instituto de Seguridad y Servicios Sociales de los Trabajadores del Estado; 3, apartado D, 76, segundo p\u00e1rrafo, 80, fracci\u00f3n I, numeral 6 del Reglamento Interior de la Secretar\u00eda de la Funci\u00f3n P\u00fablica, en relaci\u00f3n con el diverso s\u00e9ptimo transitorio del citado Reglamento, publicado en el Diario Oficial de la Federaci\u00f3n el diecinueve de julio de dos mil diecisiete; 11, 59 y 60, fracci\u00f3n IV de la Ley de Adquisiciones, Arrendamientos y Servicios del Sector P\u00fablico; 35 y 36 de la Ley Federal del Procedimiento Administrativo, ordenamiento jur\u00eddico de aplicaci\u00f3n supletoria a la Ley de Adquisiciones, Arrendamientos y Servicios del Sector P\u00fablico, por disposici\u00f3n expresa de su numeral 11; esta autoridad administrativa hace de su conocimiento que en cumplimiento a la sentencia definitiva de veinticinco de junio de dos mil diecinueve, emitida en el juicio contencioso administrativo 14530\/16- 17-06-5, por la Sexta Sala Regional Metropolitana del Tribunal Federal de Justicia Administrativa, se dej\u00f3 sin efectos la resoluci\u00f3n de diecinueve de mayo de dos mil diecis\u00e9is, dictada en el expediente administrativo de sanci\u00f3n SAN\/004\/2015, a trav\u00e9s de la cual se impuso a la persona moral &#8220;Fejastec, S.A. de C.V.&#8221;, una sanci\u00f3n administrativa consistente en la inhabilitaci\u00f3n por treinta meses (dos a\u00f1os y seis meses), por lo que no podr\u00eda por s\u00ed misma o por interp\u00f3sita persona, presentar propuestas, ni celebrar contrato alguno con las Dependencias y Entidades de la Administraci\u00f3n P\u00fablica Federal, ni con Entidades Federativas, los Municipios o sus Entes P\u00fablicos, cuando utilicen total o parcialmente recursos federales, conforme a los convenios que celebren con el Ejecutivo Federal; as\u00ed como contratos regulados por la Ley de Adquisiciones, Arrendamientos y Servicios del Sector P\u00fablico y\/o Ley de Obras P\u00fablicas y Servicios Relacionados con las Mismas; mediante la emisi\u00f3n del acuerdo de quince de agosto de dos mil diecinueve, en el expediente administrativo de sanci\u00f3n SAN-004\/2015, con el cual se dej\u00f3 sin efectos la resoluci\u00f3n de referencia.<\/p>\n\n\n\n<p>INTERNACIONAL<\/p>\n\n\n\n<p>Reino Unido sale a las calles para &#8220;detener el golpe&#8221; de Estado de Boris Johnson Miles de personas se han congregado por todo el Reino Unido bajo un mismo lema: &#8220;Detener el golpe&#8221; de Estado que ellos creen que est\u00e1 dando Boris Johnson al echar el cierre al Parlamento durante cinco semanas para forzar la salida no negociada de la Uni\u00f3n Europea. El pa\u00eds vive con estupefacci\u00f3n la decisi\u00f3n de Boris Johnson de intentar silenciar al Parlamento entre el 9 de septiembre y el 14 de octubre para poder seguir presionando a la Uni\u00f3n Europea en su estrategia de negociaci\u00f3n para el Brexit. La oposici\u00f3n est\u00e1 intentando detener su plan, que ha contado con el visto bueno de la Reina, en los tribunales, donde ahora mismo hay tres demandas diferentes presentadas, y por la v\u00eda parlamentaria, para lo que deber\u00e1n ponerse de acuerdo en el menor tiempo posible acerca de cu\u00e1l es la mejor estrategia a seguir a partir de que vuelva la c\u00e1mara el pr\u00f3ximo martes. El punto m\u00e1s caliente estuvo sin duda en Downing Street, la residencia del l\u00edder conservador, donde se concentraron multitud de manifestantes para dirigir sus protestas directamente contra Boris Johnson y donde habl\u00f3 Laura Parker, coordinadora de Momentum. &#8220;Esta es nuestra democracia y no permitiremos que un primer ministro que no ha sido elegido en las urnas agarre el poder de esta forma. Quiere apagar el sistema y esconderse, pues bien, sabemos d\u00f3nde vive se\u00f1or Johnson&#8221;, advirti\u00f3 la l\u00edder del grupo de ideolog\u00eda af\u00edn a Jeremy Corbyn.<\/p>\n\n\n\n<p>SAGRADAS ESCRITURAS<\/p>\n\n\n\n<p>Romanos 12:2 No se amolden al mundo actual, sino sean transformados mediante la renovaci\u00f3n de su mente. As\u00ed podr\u00e1n comprobar cu\u00e1l es la voluntad de Dios, buena, agradable y perfecta.<\/p>\n\n\n\n<p>Pedro 2:13-14 Someteos, por causa del Se\u00f1or, a toda instituci\u00f3n humana, ya sea al rey, como autoridad, o a los gobernadores, como enviados por \u00e9l para castigo de los malhechores y alabanza de los que hacen el bien<\/p>\n\n\n\n<p>DISCAPACITADOS SOBRESALIENTES<\/p>\n\n\n\n<p>El actor ciego gaditano Josema G\u00f3mez, de Oroz\u00fa, estrena en Londres El actor ciego del grupo de teatro gaditano &#8216;Oroz\u00fa&#8217;, Josema G\u00f3mez, estrena en el Teatro Cervantes de Londres la obra &#8216;Los ojos de la noche&#8217;, de Paloma Pedrero, que ha producido el Cervantes Theatre con el apoyo de Acci\u00f3n Cultural Espa\u00f1ola y la colaboraci\u00f3n del Instituto Cervantes en Londres, la ONCE y el Arts Council England. Para el gaditano Josema G\u00f3mez, que lleva desde agosto en Londres con un intenso plan de ensayos, la experiencia le est\u00e1 resultando &#8220;maravillosa e inolvidable&#8221;<\/p>\n\n\n\n<p>&#8220;Encontrarte en un teatro peque\u00f1o pero \u00edntimo y acogedor donde el p\u00fablico est\u00e1 pr\u00e1cticamente integrado en la obra con los actores por su cercan\u00eda al escenario, es maravilloso, una gran oportunidad para un actor que viene del Movimiento Teatral de la ONCE y para cualquier actor&#8221;, explica Josema G\u00f3mez La representaci\u00f3n demuestra que vida est\u00e1 llena de momentos y cambios que pueden suceder en cualquier momento. Como el inesperado encuentro entre una mujer, que supuestamente ha triunfado en la vida, y un hombre ciego, a quien ella ha contratado para pasar unas horas en un hotel, y que supone, con el desarrollo de la trama, el inicio de una nueva vida para los dos actores principales.<\/p>\n\n\n\n<p>VIDEOS ADJUNTOS<\/p>\n\n\n\n<figure class=\"wp-block-embed is-type-video is-provider-youtube wp-block-embed-youtube wp-embed-aspect-16-9 wp-has-aspect-ratio\"><div class=\"wp-block-embed__wrapper\">\n<iframe loading=\"lazy\" title=\"&quot;Cuerdas&quot;, Cortometraje completo\" width=\"1140\" height=\"641\" src=\"https:\/\/www.youtube.com\/embed\/4INwx_tmTKw?feature=oembed\" frameborder=\"0\" allow=\"accelerometer; autoplay; clipboard-write; encrypted-media; gyroscope; picture-in-picture\" allowfullscreen><\/iframe>\n<\/div><\/figure>\n\n\n\n<p>CURSOS EN PROGRAMACI\u00d3N Por confirmar.<\/p>\n\n\n\n<p>INVITACI\u00d3N<\/p>\n\n\n\n<p>\u00bfCONOCES ALGUNA PERSONA DISCAPACITADA FISICA PERO NO MENTAL PARA TRABAJOS ADMINISTRATIVOS? Proporci\u00f3nanos sus datos. Gracias.<\/p>\n\n\n\n<p>DERECHOS DE LOS DISCAPACITADOS \u00bfCONOCES A ALGUN DISCAPACITADO, DEL CUAL SE HAYAN VIOLADO SUS DERECHOS? CONTACTANOS, DEFENSA LEGAL AL DISCAPACITADO EN TODAS LAS AREAS.<\/p>\n\n\n\n<p>REFLEXION<\/p>\n\n\n\n<p>&#8220;Hay personas que siempre dicen que no a cualquier propuesta y responden &#8220;no se puede&#8221;, &#8220;es muy complicado&#8221;, etc. Suelen ser personas conservadoras, temerosas de los cambios, a las que les asusta la innovaci\u00f3n. Tambi\u00e9n puede tratarse de personas que no tiene motivaci\u00f3n m\u00e1s all\u00e1 de lo que hacen, no quieren comprometerse y evitan toda exigencia. Sin embargo, en nuestra vida se producen crisis que implican que se produzcan inexorablemente cambios. Generalmente, nos resistimos a esos cambios y, por eso, no logramos administrarlos. Todo cambia, toda la vida se compone de cambios. Deber\u00edamos, por tanto, de gestionar los mejores cambios en nuestra vida. El primer cambio es el m\u00e1s dif\u00edcil, el segundo es m\u00e1s sencillo&#8230; Un peque\u00f1o cambio trae tras de s\u00ed una catarata de cambios&#8221;. Bernardo Stamateas. &#8220;Nudos mentales&#8221;<\/p>\n\n\n\n<p>MEDIACI\u00d3N<\/p>\n\n\n\n<p>Si tienes problemas en materia familiar, civil o mercantil, nosotros lo resolvemos mediante mediaci\u00f3n, sin conflictos.<\/p>\n","protected":false},"excerpt":{"rendered":"<p>FISCAL ACUERDO que modifica las Reglas de car\u00e1cter general para la recepci\u00f3n de informaci\u00f3n de declaraciones fiscales y la recaudaci\u00f3n de recursos federales por parte de las instituciones de cr\u00e9dito. mediante &#8220;Acuerdo que modifica las Reglas de car\u00e1cter general para la recepci\u00f3n de informaci\u00f3n de declaraciones fiscales y la recaudaci\u00f3n de recursos federales por parte [&hellip;]<\/p>\n","protected":false},"author":1,"featured_media":0,"parent":0,"menu_order":0,"comment_status":"closed","ping_status":"closed","template":"","meta":{"footnotes":""},"class_list":["post-129","page","type-page","status-publish","hentry","post"],"_links":{"self":[{"href":"https:\/\/amacac.com.mx\/index.php?rest_route=\/wp\/v2\/pages\/129","targetHints":{"allow":["GET"]}}],"collection":[{"href":"https:\/\/amacac.com.mx\/index.php?rest_route=\/wp\/v2\/pages"}],"about":[{"href":"https:\/\/amacac.com.mx\/index.php?rest_route=\/wp\/v2\/types\/page"}],"author":[{"embeddable":true,"href":"https:\/\/amacac.com.mx\/index.php?rest_route=\/wp\/v2\/users\/1"}],"replies":[{"embeddable":true,"href":"https:\/\/amacac.com.mx\/index.php?rest_route=%2Fwp%2Fv2%2Fcomments&post=129"}],"version-history":[{"count":1,"href":"https:\/\/amacac.com.mx\/index.php?rest_route=\/wp\/v2\/pages\/129\/revisions"}],"predecessor-version":[{"id":130,"href":"https:\/\/amacac.com.mx\/index.php?rest_route=\/wp\/v2\/pages\/129\/revisions\/130"}],"wp:attachment":[{"href":"https:\/\/amacac.com.mx\/index.php?rest_route=%2Fwp%2Fv2%2Fmedia&parent=129"}],"curies":[{"name":"wp","href":"https:\/\/api.w.org\/{rel}","templated":true}]}}