{"id":131,"date":"2021-02-25T04:48:41","date_gmt":"2021-02-25T04:48:41","guid":{"rendered":"https:\/\/amacac.com.mx\/?page_id=131"},"modified":"2021-02-25T04:48:43","modified_gmt":"2021-02-25T04:48:43","slug":"boletin-quincenal-numero-227-segunda-quincena-de-septiembre-de-2019","status":"publish","type":"page","link":"https:\/\/amacac.com.mx\/?page_id=131","title":{"rendered":"BOLET\u00cdN QUINCENAL. N\u00daMERO 227 SEGUNDA QUINCENA DE SEPTIEMBRE DE 2019"},"content":{"rendered":"\n<p>FISCAL<\/p>\n\n\n\n<p>DECRETO por el que se modifica la Tarifa de la Ley de los Impuestos Generales de Importaci\u00f3n y de Exportaci\u00f3n, el Decreto por el que se establece el impuesto general de importaci\u00f3n para la regi\u00f3n fronteriza y la franja fronteriza norte, el Decreto por el que se establecen diversos Programas de Promoci\u00f3n Sectorial y el Decreto para el Fomento de la Industria Manufacturera, Maquiladora y de Servicios de Exportaci\u00f3n. El 17 de mayo de 2019 los gobiernos de M\u00e9xico y los Estados Unidos de Am\u00e9rica (EE.UU.) firmaron un Acuerdo en el que se estableci\u00f3 que ambos gobiernos retiran tanto el incremento de las tasas arancelarias de la Secci\u00f3n 232 impuestas por EE.UU., como medida retardatoria, estableci\u00e9ndose el compromiso de generar un monitoreo que permita dar seguimiento a los flujos comerciales entre ambos pa\u00edses; para simplificar la comparabilidad entre los flujos comerciales en el sector sider\u00fargico entre M\u00e9xico y los EE.UU. y estar en condiciones de dar cumplimiento a los compromisos contra\u00eddos entre ambos pa\u00edses, deben crearse 82 fracciones arancelarias, modificarse 25 y eliminarse 21 Entonces el 2 de agosto de 2002 se public\u00f3 en el Diario Oficial de la Federaci\u00f3n el Decreto por el que se establecen diversos Programas de Promoci\u00f3n Sectorial (PROSEC), con el objeto de otorgar a la industria productiva nacional mejores condiciones de abasto de insumos y maquinaria, as\u00ed como mecanismos para ejercer una mayor participaci\u00f3n en los mercados al establecer condiciones arancelarias competitivas que permiten el acceso a los insumos estrat\u00e9gicos que las industrias nacionales utilizan en sus procesos productivos, en condiciones similares a las que sus competidores tienen en el exterior; el 24 de diciembre de 2008 se public\u00f3 en el Diario Oficial de la Federaci\u00f3n el Decreto por el que se establece el impuesto general de importaci\u00f3n para la regi\u00f3n fronteriza y la franja fronteriza norte (Frontera), a fin de dar continuidad al proceso de convergencia en la franja fronteriza norte y la regi\u00f3n fronteriza al esquema general del pa\u00eds y facilitar la supervisi\u00f3n y operaci\u00f3n de las importaciones, el cual permite establecer un marco normativo para el desarrollo de las actividades comerciales y de servicios, mediante reglas claras y transparentes que facilitan las operaciones de comercio exterior en dichas regiones, estableciendo en este las fracciones arancelarias a las que se aplicar\u00e1n diversos beneficios; el 1 de noviembre de 2006 se public\u00f3 en el Diario Oficial de la Federaci\u00f3n el &#8220;Decreto por el que se modifica el diverso para el fomento y operaci\u00f3n de la industria maquiladora de exportaci\u00f3n&#8221;, para quedar como Decreto para el Fomento de la Industria Manufacturera, Maquiladora y de Servicios de Exportaci\u00f3n (Decreto IMMEX), con el objeto de fomentar y otorgar facilidades a las empresas de ese sector para realizar procesos industriales o de servicios a mercanc\u00edas de exportaci\u00f3n y para la prestaci\u00f3n de servicios de exportaci\u00f3n,<\/p>\n\n\n\n<p>FINANZAS<\/p>\n\n\n\n<p>DISPOSICIONES de car\u00e1cter general en materia financiera de los Sistemas de Ahorro para el Retiro. la experiencia internacional ha evidenciado que las estrategias de inversi\u00f3n que utilizan criterios o factores ESG puede ayudar a los inversionistas a mirar m\u00e1s all\u00e1 de los informes financieros tradicionales y comprender mejor el riesgo a largo plazo de una empresa y las perspectivas de rentabilidad. Incluso las compa\u00f1\u00edas con balances saludables pueden ser susceptibles de acontecimientos controvertidos con cobertura medi\u00e1tica, e influir en el precio de las acciones. Por ello, las m\u00e9tricas de ESG pueden proporcionar a los inversores un mecanismo transparente y basado en normas para identificar entidades que pueden ser propensas a controversias y contribuir a obtener una menor volatilidad de la cartera a largo plazo; Que es necesario precisar diversas reglas de operaci\u00f3n de los Fondos Mutuos, incluyendo aquellos con estrategias activas, para brindar un mayor rango de certeza y seguridad jur\u00eddica a los regulados respecto a los factores m\u00ednimos que deben cumplimentar para dar viabilidad operativa y financiera a la inversi\u00f3n que se desarrolle, al considerar el potencial de inversi\u00f3n con que cuentan dichos instrumentos, y conforme a lo detallado en el formulario de An\u00e1lisis de Impacto Regulatorio correspondiente; con ello se evidenci\u00f3 que las eliminaciones y simplificaciones efectuadas por este \u00d3rgano Desconcentrado representan beneficios y ahorros superiores a los costos de implementaci\u00f3n,<\/p>\n\n\n\n<p>POLITICO<\/p>\n\n\n\n<p>EXTRACTO de la solicitud de registro de la agrupaci\u00f3n denominada Iglesia Cristiana B\u00edblica Monte Moriah, para constituirse en asociaci\u00f3n religiosa. En cumplimiento a lo dispuesto por el \u00faltimo p\u00e1rrafo del art\u00edculo 7\u00b0 de la Ley de Asociaciones Religiosas y Culto P\u00fablico y 10 de su Reglamento, se publica el correspondiente extracto de la solicitud de registro de la agrupaci\u00f3n denominada IGLESIA CRISTIANA B\u00cdBLICA MONTE MORIAH, para constituirse en asociaci\u00f3n religiosa; solicitud presentada en la Direcci\u00f3n General de Asuntos Religiosos, En cumplimiento a lo dispuesto por el primer p\u00e1rrafo del art\u00edculo 11 del Reglamento de la Ley de Asociaciones Religiosas y Culto P\u00fablico, se notifica lo anterior, a efecto de que las personas f\u00edsicas, asociaciones religiosas, agrupaciones religiosas o iglesias que pudieran considerarse afectadas en su esfera jur\u00eddica, comparezcan dentro del t\u00e9rmino de veinte d\u00edas h\u00e1biles, contados a partir del d\u00eda siguiente de esta publicaci\u00f3n, a presentar su oposici\u00f3n ante esta Direcci\u00f3n General. Asimismo, se comunica que el expediente de la solicitud de referencia, estar\u00e1 a la vista de los interesados para su consulta, solamente durante el t\u00e9rmino se\u00f1alado.<\/p>\n\n\n\n<p>INTERNACIONAL<\/p>\n\n\n\n<p>DECRETO por el que se crea la Comisi\u00f3n Intersecretarial de Atenci\u00f3n Integral en Materia Migratoria. El art\u00edculo 1o. de la Constituci\u00f3n Pol\u00edtica de los Estados Unidos Mexicanos, garantiza el respeto irrestricto a los derechos humanos de toda persona, independientemente de su calidad migratoria, sea cual fuere su origen, nacionalidad, g\u00e9nero, etnia, y edad, con especial atenci\u00f3n a grupos vulnerables como menores de edad, mujeres, ind\u00edgenas, adolescentes y personas de la tercera edad, as\u00ed como a v\u00edctimas del delito y que la pol\u00edtica migratoria es responsabilidad compartida con los gobiernos de los diversos pa\u00edses y entre las instituciones nacionales y extranjeras involucradas en el tema migratorio; El Gobierno de M\u00e9xico ha asumido la responsabilidad de atender el fen\u00f3meno migratorio con acciones dirigidas a resolver las causas que dan origen a la migraci\u00f3n y a encauzar que el flujo de personas por M\u00e9xico sea seguro, ordenado y regular, con respeto irrestricto a los derechos humanos y en ejercicio soberano de la direcci\u00f3n sobre la pol\u00edtica exterior y migratoria; DECRETO<\/p>\n\n\n\n<p>ART\u00cdCULO 1.- Se crea con car\u00e1cter transitorio la Comisi\u00f3n Intersecretarial de Atenci\u00f3n Integral en Materia Migratoria, en lo subsecuente la Comisi\u00f3n, la cual depender\u00e1 de la Secretar\u00eda de Relaciones Exteriores y tendr\u00e1 por objeto fungir como instancia de coordinaci\u00f3n de las pol\u00edticas, programas y acciones que las dependencias, \u00f3rganos administrativos desconcentrados y entidades de la Administraci\u00f3n P\u00fablica Federal tienen en materia migratoria, para el cumplimiento de los objetivos, metas y estrategias de coordinaci\u00f3n que al efecto establezca la Comisi\u00f3n en dicha materia.<\/p>\n\n\n\n<p>ART\u00cdCULO 2.- La Comisi\u00f3n ser\u00e1 presidido y coordinado por el Titular de la Secretar\u00eda de Relaciones Exteriores, quien en sus ausencias ser\u00e1 suplido por el Titular de la Subsecretar\u00eda para Am\u00e9rica Latina y el Caribe o por el servidor p\u00fablico que al efecto designe.<\/p>\n\n\n\n<p>ART\u00cdCULO 3.- La Comisi\u00f3n estar\u00e1 integrada por los Titulares de las dependencias, \u00f3rganos administrativos desconcentrados y entidades de la Administraci\u00f3n P\u00fablica Federal siguientes: Secretar\u00eda de Gobernaci\u00f3n; Secretar\u00eda de Relaciones Exteriores; Secretar\u00eda de Seguridad y Protecci\u00f3n Ciudadana; Secretar\u00eda de Hacienda y Cr\u00e9dito P\u00fablico; Secretar\u00eda de Bienestar; Secretar\u00eda de Salud; Secretar\u00eda del Trabajo y Previsi\u00f3n Social; Secretar\u00eda de Turismo; Agencia Mexicana de Cooperaci\u00f3n Internacional para el Desarrollo; Coordinaci\u00f3n General de la Comisi\u00f3n Mexicana de Ayuda a Refugiados; Instituto de Administraci\u00f3n y Aval\u00faos de Bienes Nacionales; Instituto Nacional de Migraci\u00f3n; Servicio de Administraci\u00f3n Tributaria; Instituto Nacional de las Mujeres; Instituto de Administraci\u00f3n de Bienes y Activos, y Sistema Nacional para el Desarrollo Integral de la Familia.<\/p>\n\n\n\n<p>ART\u00cdCULO 4.- Para cumplir con su objeto, la Comisi\u00f3n tendr\u00e1 las siguientes funciones: I. Aprobar la estrategia de coordinaci\u00f3n en materia migratoria, sus metas y objetivos, as\u00ed como su modificaci\u00f3n o actualizaci\u00f3n; II. Establecer las acciones de car\u00e1cter prioritario y de ejecuci\u00f3n inmediata que se requieran para dar cumplimiento a la estrategia de coordinaci\u00f3n en materia migratoria; III. Determinar los mecanismos de comunicaci\u00f3n interinstitucional que permitan el cumplimiento de la estrategia de coordinaci\u00f3n en materia migratoria; IV. Promover la celebraci\u00f3n de convenios de colaboraci\u00f3n entre las dependencias, \u00f3rganos administrativos desconcentrados y entidades de la Administraci\u00f3n P\u00fablica Federal, cuyas competencias incidan en la ejecuci\u00f3n de las acciones que formen parte de la estrategia de coordinaci\u00f3n en materia migratoria, as\u00ed como la celebraci\u00f3n de convenios de coordinaci\u00f3n con las entidades federativas y municipios; V. Dar seguimiento y evaluar los avances en la ejecuci\u00f3n de la estrategia de coordinaci\u00f3n en materia migratoria, con base en las acciones e informes rendidos por los miembros de la Comisi\u00f3n; VI. Aprobar sus Lineamientos de Operaci\u00f3n y Funcionamiento,<\/p>\n\n\n\n<p>SAGRADAS ESCRITURAS<\/p>\n\n\n\n<p>Corintios 12:27 Ahora bien, vosotros sois el cuerpo de Cristo, y {cada uno} individualmente un miembro de \u00e9l.<\/p>\n\n\n\n<p>DISCAPACITADOS SOBRESALIENTES<\/p>\n\n\n\n<p>Skater sin piernas se vuelve tendencia El ni\u00f1o de 10 a\u00f1os se ha vuelto tendencia en redes sociales por cumplir su sue\u00f1o de hacer piruetas en patineta. Maxim Abramov, nombre de este famoso ni\u00f1o, perdi\u00f3 sus piernas a los seis meses de edad, en 2011 despu\u00e9s de que result\u00f3 herido en un incendio. Una familia de San Petersburgo lo adopt\u00f3 menos de un a\u00f1o despu\u00e9s. A medida que crec\u00eda, aprendi\u00f3 a andar en patineta usando solo sus manos para propulsi\u00f3n. Luego del terrible suceso, Max entr\u00f3 &#8220;accidentalmente&#8221; en un parque de patinadores, lo que cambi\u00f3 su vida. &#8220;Mi madre pens\u00f3 que tal vez si tuviera un entrenador podr\u00eda aprender, entonces me compraron una patineta y contrataron un entrenador&#8221;. &#8220;Me gustar\u00eda participar en los Juegos Ol\u00edmpicos&#8221;, afirm\u00f3 Maxim. La nueva celebridad de las redes sociales ha recibido el apoyo de grandes deportistas como la leyenda del &#8216;skate&#8217; Tony Hawk, quien se refiri\u00f3 a &#8216;Max&#8217; como su &#8220;patinador favorito&#8221;.<\/p>\n\n\n\n<p>VIDEOS ADJUNTOS<\/p>\n\n\n\n<figure class=\"wp-block-embed is-type-video is-provider-youtube wp-block-embed-youtube wp-embed-aspect-16-9 wp-has-aspect-ratio\"><div class=\"wp-block-embed__wrapper\">\n<iframe loading=\"lazy\" title=\"Ian Cortometraje\" width=\"1140\" height=\"641\" src=\"https:\/\/www.youtube.com\/embed\/ecctx69wJO4?feature=oembed\" frameborder=\"0\" allow=\"accelerometer; autoplay; clipboard-write; encrypted-media; gyroscope; picture-in-picture\" allowfullscreen><\/iframe>\n<\/div><\/figure>\n\n\n\n<p>REFLEXION<\/p>\n\n\n\n<p>La unidad es fuerza, cuando existe trabajo en equipo y colaboraci\u00f3n, se pueden lograr cosas maravillosas Mattie Stephanek<\/p>\n\n\n\n<p>MEDIACI\u00d3N<\/p>\n\n\n\n<p>Si tienes problemas en materia familiar, civil o mercantil, nosotros lo resolvemos mediante mediaci\u00f3n, sin conflictos.<\/p>\n","protected":false},"excerpt":{"rendered":"<p>FISCAL DECRETO por el que se modifica la Tarifa de la Ley de los Impuestos Generales de Importaci\u00f3n y de Exportaci\u00f3n, el Decreto por el que se establece el impuesto general de importaci\u00f3n para la regi\u00f3n fronteriza y la franja fronteriza norte, el Decreto por el que se establecen diversos Programas de Promoci\u00f3n Sectorial y [&hellip;]<\/p>\n","protected":false},"author":1,"featured_media":0,"parent":0,"menu_order":0,"comment_status":"closed","ping_status":"closed","template":"","meta":{"footnotes":""},"class_list":["post-131","page","type-page","status-publish","hentry","post"],"_links":{"self":[{"href":"https:\/\/amacac.com.mx\/index.php?rest_route=\/wp\/v2\/pages\/131","targetHints":{"allow":["GET"]}}],"collection":[{"href":"https:\/\/amacac.com.mx\/index.php?rest_route=\/wp\/v2\/pages"}],"about":[{"href":"https:\/\/amacac.com.mx\/index.php?rest_route=\/wp\/v2\/types\/page"}],"author":[{"embeddable":true,"href":"https:\/\/amacac.com.mx\/index.php?rest_route=\/wp\/v2\/users\/1"}],"replies":[{"embeddable":true,"href":"https:\/\/amacac.com.mx\/index.php?rest_route=%2Fwp%2Fv2%2Fcomments&post=131"}],"version-history":[{"count":1,"href":"https:\/\/amacac.com.mx\/index.php?rest_route=\/wp\/v2\/pages\/131\/revisions"}],"predecessor-version":[{"id":132,"href":"https:\/\/amacac.com.mx\/index.php?rest_route=\/wp\/v2\/pages\/131\/revisions\/132"}],"wp:attachment":[{"href":"https:\/\/amacac.com.mx\/index.php?rest_route=%2Fwp%2Fv2%2Fmedia&parent=131"}],"curies":[{"name":"wp","href":"https:\/\/api.w.org\/{rel}","templated":true}]}}