{"id":141,"date":"2021-02-25T05:05:56","date_gmt":"2021-02-25T05:05:56","guid":{"rendered":"https:\/\/amacac.com.mx\/?page_id=141"},"modified":"2021-02-25T05:05:57","modified_gmt":"2021-02-25T05:05:57","slug":"boletin-quincenal-numero-234-primera-quincena-de-enero-de-2020","status":"publish","type":"page","link":"https:\/\/amacac.com.mx\/?page_id=141","title":{"rendered":"BOLET\u00cdN QUINCENAL. N\u00daMERO 234 PRIMERA QUINCENA DE ENERO DE 2020"},"content":{"rendered":"\n<p>FISCAL CALENDARIO<\/p>\n\n\n\n<p>De presupuesto autorizado a las Unidades Responsables para el ejercicio fiscal 2020 Con fundamento en los art\u00edculos 23, de la Ley Federal de Presupuesto y Responsabilidad Hacendaria; 22, fracci\u00f3n IX, inciso b) del Reglamento de la Ley Federal de Presupuesto y Responsabilidad Hacendaria; 70, del Reglamento Interior del Instituto Mexicano del Seguro Social y, con base en el gasto total aprobado en el Presupuesto de Egresos de la Federaci\u00f3n para el Ejercicio Fiscal 2020, se da a conocer el calendario de presupuesto autorizado de las unidades responsables, de acuerdo con la tabla siguiente:<\/p>\n\n\n\n<p>Concepto Anual Enero Febrero Marzo Abril Mayo Junio Julio Agosto Septiembre Octubre Noviembre Diciembre<\/p>\n\n\n\n<p>Gasto programable 825 062 52 080 55 146 484 60 211 664 59 982 63 378 62 090 013 85 408 940 68 197 976 68 112 954 612 65 347 168 93 228 796 293 91 878 075 256<\/p>\n\n\n\n<p>882 280 545 543 562 756 122 776 140 102 100 098 236 946<\/p>\n\n\n\n<p>Gasto corriente 332 715 16 378 18 788 159 23 177 880 22 623 25 494 23 302 589 33 501 672 26 434 544 27 292 029 812 25 882 163 27 781 572 789 62 057 694 470<\/p>\n\n\n\n<p>401 797 905 567 576 455 264 163 924 020 644 647 944 710<\/p>\n\n\n\n<p>Servicios Personales 211 593 14 515 13 568 300 16 118 378 13 837 16 367 13 820 807 23 140 395 16 707 990 17 182 136 276 15 721 047 15 989 848 723 34 623 435 739<\/p>\n\n\n\n<p>700 000 724 036 927 602 730 308 904 215 428 869 187 690<\/p>\n\n\n\n<p>De Operaci\u00f3n 115 133 1 617 750 4 778 731 6 546 367 8 263 312 8 652 887 8 997 655 9 708 128 9 281 412 933 9 703 274 716 9 577 460 563 11 334 587 890 26 672 041 153<\/p>\n\n\n\n<p>611 916 509 192 982 495 859 980 644<\/p>\n\n\n\n<p>Medicinas, productos 53 611 56 080 2 229 945 2 977 533 3 833 035 3 891 323 3 991 975 4 253 070 4 362 446 423 4 259 535 749 4 213 800 643 4 630 041 142 14 912 565 705<\/p>\n\n\n\n<p>y suministros m\u00e9dico 354 442 317 913 532 728 782 505 003<\/p>\n\n\n\n<p>Conservaci\u00f3n 1 592 662 2 424 020 16 574 978 23 795 887 28 547 51 905 39 401 577 67 572 804 80 254 139 92 533 114 143 951 425 355 129 588 690 571 620<\/p>\n\n\n\n<p>y mantenimiento<\/p>\n\n\n\n<p>con tercero 459 532 775<\/p>\n\n\n\n<p>Otros 59 929 1 559 246 2 532 210 3 545 038 4 401 729 4 709 658 4 966 278 5 387 485 4 838 712 371 5 351 205 853 5 219 708 495 6 349 417 160 11 068 903 828<\/p>\n\n\n\n<p>595 015 172 301 563 235 302 898 837<\/p>\n\n\n\n<p>Subsidios 498 800 1 000 000 131 600 000 80 800 000 62 300 39 300 24 600 000 47 000 000 11 900 000 17 100 000 27 600 000 20 800 000 34 800 000<\/p>\n\n\n\n<p>000 000 000<\/p>\n\n\n\n<p>Otras Erogaciones 5 489 289 244 431 309 527 457 432 333 459 921 434 831 459 526 236 606 148 134 433 241 824 389 518 820 556 055 457 436 336 176 727 417 578<\/p>\n\n\n\n<p>881 022 871 360 946<\/p>\n\n\n\n<p>Pensiones 488 616 36 343 36 865 727 37 669 300 37 598 37 905 39 413 284 49 585 326 38 863 123 38 544 485 311 39 702 580 65 442 566 224 30 683 016 664<\/p>\n\n\n\n<p>y Jubilaciones 742 588 111 427 261 484 649 924 571 378 442 184 201 088<\/p>\n\n\n\n<p>Pensiones en 344 161 25 529 26 771 446 27 169 985 27 216 27 444 27 597 983 29 746 067 27 714 829 27 766 944 554 28 272 236 54 301 010 180 14 630 761 944<\/p>\n\n\n\n<p>curso de pago 712 398 792 059 288 746 085 104 570 101 276 959 068 119<\/p>\n\n\n\n<p>Sumas 19 097 1 828 706 1 326 842 1 601 026 1 476 343 1 499 932 1 645 471 1 762 793 1 609 513 532 1 615 955 212 1 762 610 980 1 564 039 044 1 403 990 901<\/p>\n\n\n\n<p>aseguradas 224 588 807 155 287 263 160 167 080<\/p>\n\n\n\n<p>R\u00e9gimen de 101 286 7 049 052 6 972 771 7 009 676 7 022 238 7 039 224 8 146 347 15 936 364 7 433 505 795 7 146 878 946 7 482 856 122 7 449 621 070 12 598 072 126<\/p>\n\n\n\n<p>pensiones y<\/p>\n\n\n\n<p>jubilaciones 609 560 843 828 077 664 434 378 277<\/p>\n\n\n\n<p>Subsidios, indemnizaciones 20 918 1 702 897 1 551 871 1 641 104 1 632 232 1 666 335 1 773 967 1 885 441 1 847 336 276 1 756 562 239 1 921 108 587 1 757 060 473 1 782 192 638<\/p>\n\n\n\n<p>ayudas e<\/p>\n\n\n\n<p>indemnizaciones 111 106 382 984 238 326 365 742 856<\/p>\n\n\n\n<p>Pensiones 3 153 084 232 662 242 795 006 247 508 251 750 255 509 249 514 879 254 659 012 257 938 530 258 144 360 263 768 280 370 835 457 267 999 055<\/p>\n\n\n\n<p>provisionales y<\/p>\n\n\n\n<p>temporales 936 336 136 567 318<\/p>\n\n\n\n<p>Inversi\u00f3n F\u00edsica 12 712 0 0 43 121 238 278 930 539 283 894 431 934 3 166 713 3 394 467 600 2 883 729 451 311 275 596 555 849 756 644 196 985<\/p>\n\n\n\n<p>000 000 638 676 126<\/p>\n\n\n\n<p>Bienes muebles e 10 464 0 0 43 121 238 61 056 319 668 675 816 346 2 946 841 3 169 932 127 2 667 113 863 93 659 957 205 049 176 282 731 478<\/p>\n\n\n\n<p>inmuebles 990 054 408 088 373<\/p>\n\n\n\n<p>Obra p\u00fablica 2 247 009 946 0 0 0 217 874 230 219 615 588 218 615 588 219 871 753 224 535 473 216 615 588 217 615 639 350 800 580 361 465 507<\/p>\n\n\n\n<p>Egresos por (8 981 262 (641 471 (507 402 (678 637(518 721 (561 638 (1 520 292 (844 771 (494 159 509) (607 289 962) (548 850 448) (551 192 476) (1 506 832 863)<\/p>\n\n\n\n<p>Operaciones<\/p>\n\n\n\n<p>Ajenas 105) 451) 275) 421) 949) 972) 920) 859)<\/p>\n\n\n\n<p>Por cuenta de terceros (8 981 262 (641 471 (507 402 (678 637 (518 721 (561 638 (1 520 292 (844 771 (494 159 509) (607 289 962) (548 850 448) (551 192 476) (1 506 832 863)<\/p>\n\n\n\n<p>105) 451) 275) 421) 949) 972) 920) 859)<\/p>\n\n\n\n<p>FINANZAS<\/p>\n\n\n\n<p>COSTO de captaci\u00f3n a plazo de pasivos denominados en d\u00f3lares de Estados Unidos de Am\u00e9rica, a cargo de las instituciones de banca m\u00faltiple del pa\u00eds (CCP-D\u00f3lares) El Banco de M\u00e9xico, con fundamento en los art\u00edculos 8o. y 10 del Reglamento Interior del Banco de M\u00e9xico, y seg\u00fan lo dispuesto por su resoluci\u00f3n publicada en el Diario Oficial de la Federaci\u00f3n el 6 de mayo de 1996, informa que el costo de captaci\u00f3n a plazo de pasivos denominados en d\u00f3lares de Estados Unidos de Am\u00e9rica, a cargo de las instituciones de banca m\u00faltiple del pa\u00eds (CCP-D\u00f3lares), expresado en por ciento anual, fue de 4.19 (cuatro puntos y diecinueve cent\u00e9simas) en diciembre de 2019.<\/p>\n\n\n\n<p>POLITICO<\/p>\n\n\n\n<p>ACUERDO por el que se establecen los Lineamientos generales para el registro y autorizaci\u00f3n de las Estrategias y Programas de Comunicaci\u00f3n Social y de Promoci\u00f3n y Publicidad de las dependencias y entidades de la Administraci\u00f3n P\u00fablica Federal para el Ejercicio Fiscal 2020. CONSIDERANDO<\/p>\n\n\n\n<p>Que el art\u00edculo 134 de la Constituci\u00f3n Pol\u00edtica de los Estados Unidos Mexicanos, en su p\u00e1rrafo octavo, establece que la propaganda, bajo cualquier modalidad de comunicaci\u00f3n social, que difundan los poderes p\u00fablicos, los \u00f3rganos aut\u00f3nomos, las dependencias y entidades de la administraci\u00f3n p\u00fablica y cualquier otro ente de los tres \u00f3rdenes de gobierno, debe tener car\u00e1cter institucional y fines informativos, educativos o de orientaci\u00f3n social. En ning\u00fan caso esta propaganda incluir\u00e1 nombres, im\u00e1genes, voces o s\u00edmbolos que impliquen promoci\u00f3n personalizada de cualquier servidor p\u00fablico.<\/p>\n\n\n\n<p>Que la Ley General de Comunicaci\u00f3n Social establece como objetivo garantizar que el gasto en Comunicaci\u00f3n Social cumpla con los criterios de eficiencia, eficacia, econom\u00eda, transparencia y honradez, y respete los topes presupuestales, l\u00edmites y condiciones de ejercicio que establezcan los presupuestos de egresos respectivos.<\/p>\n\n\n\n<p>Asimismo, establece que la Secretar\u00eda de Gobernaci\u00f3n es la Secretar\u00eda Administradora encargada de regular el gasto en materia de Comunicaci\u00f3n Social, de conformidad con lo establecido en el Presupuesto de Egresos respectivo y en las leyes aplicables en la materia, emitir\u00e1 anualmente los Lineamientos para las Estrategias y Programas Anuales de Comunicaci\u00f3n Social, as\u00ed como las reglas relativas a la difusi\u00f3n de las campa\u00f1as de car\u00e1cter industrial, comercial, mercantil y de promoci\u00f3n y publicidad que promuevan o publiciten la venta de productos o servicios que generan alg\u00fan ingreso para el Estado, estas \u00faltimas, no podr\u00e1n difundirse en Tiempos Oficiales.<\/p>\n\n\n\n<p>Que en t\u00e9rminos del art\u00edculo 27, fracci\u00f3n VIII de la Ley Org\u00e1nica de la Administraci\u00f3n P\u00fablica Federal, a la Secretar\u00eda de Gobernaci\u00f3n le corresponde, elaborar e instrumentar la normatividad aplicable, conforme a la Constituci\u00f3n y las leyes, en materia de comunicaci\u00f3n social del Gobierno Federal y las relaciones con los medios masivos de informaci\u00f3n; administrar, salvo lo establecido en las leyes electorales, el tiempo de que dispone el Estado en radio y televisi\u00f3n; as\u00ed como autorizar, supervisar y evaluar los programas de comunicaci\u00f3n social y publicidad de las dependencias y entidades de la Administraci\u00f3n P\u00fablica Federal.<\/p>\n\n\n\n<p>Asimismo, se\u00f1ala que los poderes p\u00fablicos federales deben eliminar aquellos obst\u00e1culos que limiten en los hechos su ejercicio e impidan el pleno desarrollo de las personas y su efectiva participaci\u00f3n en la vida pol\u00edtica, econ\u00f3mica, cultural y social del pa\u00eds, as\u00ed como promover la participaci\u00f3n de las autoridades de los dem\u00e1s \u00f3rdenes de Gobierno y de los particulares en la eliminaci\u00f3n de dichos obst\u00e1culos.<\/p>\n\n\n\n<p>Que el otorgamiento y distribuci\u00f3n de publicidad oficial debe realizarse bajo criterios objetivos, imparciales y transparentes que garanticen la igualdad de oportunidades a favor de los distintos medios de comunicaci\u00f3n.<\/p>\n\n\n\n<p>INTERNACIONAL<\/p>\n\n\n\n<p>Putin propone profundos cambios constitucionales y el Gobierno dimite en bloque<\/p>\n\n\n\n<p>Las principales propuestas de Putin Estas son las principales propuestas de las enmiendas que el mandatario quiere introducir en la Constituci\u00f3n de 1993 y que tienen como fin otorgar mayores poderes al Parlamento al tiempo que mantienen el actual sistema presidencialista: 1.- Putin se muestra de acuerdo con limitar a dos los mandatos presidenciales. La Constituci\u00f3n vigente \u00fanicamente obliga al presidente a dejar el cargo tras ejercer dos mandatos consecutivos, pero no le impide regresar al Kremlin posteriormente. 2.- El mandatario quiere que a partir de ahora la Duma del Estado o C\u00e1mara Baja del Parlamento vote la candidatura del primer ministro, cuando hasta ahora se limitaba a dar el visto bueno. Lo mismo ocurrir\u00e1 con los viceministros y el resto de miembros del Ejecutivo. El jefe del Kremlin no puede rechazar la decisi\u00f3n de la C\u00e1mara Baja, aunque seguir\u00e1 conservando el derecho de destituir al Gobierno. Tambi\u00e9n conservar\u00e1 el mando directo sobre las Fuerzas Armadas y los \u00f3rganos de seguridad. 3.- Solo se podr\u00e1n postular como candidatos a la Presidencia aquellos rusos que hayan vivido en este pa\u00eds durante los \u00faltimos 25 a\u00f1os (hasta ahora eran 10) y carezcan de ciudadan\u00eda extranjera o permiso de residencia en otro pa\u00eds, tanto en el momento de la votaci\u00f3n como antes. 4.- Tampoco podr\u00e1n tener doble ciudadan\u00eda ni permiso de residencia los funcionarios del Estado, desde ministros a jueces o jefes regionales. 5.- Putin propone que a partir de ahora los tratados internacionales solo ser\u00e1n aplicados si no se contradicen con la Carta Magna y no limitan los derechos y libertades de los rusos. 6.- El presidente ruso quiere validar estas reformas por medio de un refer\u00e9ndum.<\/p>\n\n\n\n<p>SAGRADAS ESCRITURAS<\/p>\n\n\n\n<p>Isa\u00edas 44:6<\/p>\n\n\n\n<p>As\u00ed dice el SE\u00d1OR, el Rey de Israel, y su Redentor, el SE\u00d1OR de los ej\u00e9rcitos: &#8220;Yo soy el primero y yo soy el \u00faltimo, y fuera de m\u00ed no hay Dios<\/p>\n\n\n\n<p>DISCAPACITADOS SOBRESALIENTES<\/p>\n\n\n\n<p>Pedro Llamas, en un momento de &#8216;El cluvb de los tarados&#8217;, en el Teatro Peque\u00f1o Gran V\u00eda. KIKE PARA<\/p>\n\n\n\n<p>&#8220;Quedan cinco minutos para que comience la funci\u00f3n&#8221;, anuncia una voz en el Peque\u00f1o Teatro Gran V\u00eda (Gran V\u00eda, 66). La misma indicaci\u00f3n puede leerse en una pantalla sobre el escenario. A continuaci\u00f3n, otro mensaje: &#8220;Este espect\u00e1culo est\u00e1 adaptado a todos los p\u00fablicos a trav\u00e9s de un servicio de sobret\u00edtulos y de audiodescripci\u00f3n. Para acceder a este \u00faltimo, debe descargarse en su tel\u00e9fono m\u00f3vil la aplicaci\u00f3n Zello y conectarse al canal &#8216;El cluvb de los tarados&#8217;. Si tiene cualquier problema o desea solicitar auriculares, levante la mano y uno de nuestros t\u00e9cnicos se acercar\u00e1 a ayudarle&#8221;. Ahora s\u00ed, todos los asistentes est\u00e1n listos para que empiece El cluvb de los tarados, el primer espect\u00e1culo de mon\u00f3logos en Espa\u00f1a adaptado a personas con discapacidad visual y auditiva, que tambi\u00e9n garantiza el acceso a personas con movilidad reducida.<\/p>\n\n\n\n<p>Esta iniciativa tiene apenas un a\u00f1o de vida y en la capital arranc\u00f3 el pasado mes de octubre. Esto quiere decir que hasta entonces las personas ciegas o sordas no hab\u00edan podido disfrutar -con independencia- de un mon\u00f3logo de comedia en directo. Eso le ocurr\u00eda a M\u00f3nica Rodr\u00edguez, una persona con discapacidad auditiva que cuenta con un implante coclear (un dispositivo que le ayuda a escuchar, pero no le garantiza la comprensi\u00f3n). &#8220;No estaba segura de si iba a enterarse bien de los mon\u00f3logos, pero s\u00ed que lo entendi\u00f3 todo gracias a los subt\u00edtulos y sali\u00f3 encantada&#8221;, cuenta su padre, Alberto Rodr\u00edguez, que tambi\u00e9n se alegra de &#8220;poder compartir por fin un plan de ocio as\u00ed&#8221; con su hija.<\/p>\n\n\n\n<p>&#8220;As\u00ed surgi\u00f3 El cluvb de los tarados -protagonizado por Garmendia, Kovacs y Pedro Llamas- que, adem\u00e1s de facilitar el acceso a todas las personas, trata de romper &#8220;esas barreras que solo est\u00e1n en nuestras cabezas&#8221;. &#8220;Con la puesta en escena y el contenido de los mon\u00f3logos tratamos de mostrar que cada uno tenemos nuestras taras por muy normales que nos creamos&#8221;, explica Garmendia, &#8220;un espect\u00e1culo diferente donde todos somos diferentes&#8221;.<\/p>\n\n\n\n<p>Durante la funci\u00f3n, una pantalla instalada sobre las cabezas de los humoristas subtitula sus mon\u00f3logos. Un trabajo que realiza la propia Fiel-Le\u00f3n. &#8220;De momento, estamos utilizando sobret\u00edtulos grabados porque hacerlo en directo es m\u00e1s caro&#8221;, explica. &#8220;Preparamos el texto y lo adecuamos a los ritmos de cada uno para que cuando empiece la funci\u00f3n solo se tenga que proyectar&#8221;, a\u00f1ade la interprete. Aunque esto les obliga a ce\u00f1irse estrictamente al guion, los tres humoristas est\u00e1n de acuerdo en que merece la pena. &#8220;Si a veces no te est\u00e1 funcionando un chiste tiendes a improvisar, pero aqu\u00ed no lo puedes hacer porque los sobret\u00edtulos ya est\u00e1n programados y no mostrar\u00edan esa nueva broma. No pasa nada, en este caso te adaptas t\u00fa a estas personas y no improvisas&#8221;, dice Llamas.<\/p>\n\n\n\n<p>En cambio, la audiodescripci\u00f3n la realiza en directo la int\u00e9rprete Encarnaci\u00f3n G\u00e1lvez cuando hay una persona invidente entre el p\u00fablico y que previamente lo ha indicado al adquirir la entrada por internet. As\u00ed, puede escuchar el mon\u00f3logo por un o\u00eddo y por el otro &#8211; mediante el auricular- la descripci\u00f3n de los gestos de los monologuistas o cualquier situaci\u00f3n improvisada que suceda sobre el escenario.<\/p>\n\n\n\n<p>&#8220;Se supone que este tipo de espect\u00e1culos son para un p\u00fablico generalista, \u00bflas personas con estas discapacidades no lo son?&#8221;, se pregunta Kovacs. &#8220;Por supuesto que lo son, sus vidas son como las de todo el mundo y por eso tambi\u00e9n se pueden sentir identificados con nuestras bromas&#8221;, a\u00f1ade. Fiel-Le\u00f3n lamenta que &#8220;no haya todav\u00eda mucha voluntad por parte de productores, actores y los propios teatros en cuestiones de adaptaci\u00f3n y accesibilidad, tambi\u00e9n para personas con movilidad reducida&#8221;.<\/p>\n\n\n\n<p>Javier Font, presidente de la Federaci\u00f3n de Asociaciones de Personas con Discapacidad F\u00edsica y Org\u00e1nica de la Comunidad de Madrid (FAMMA- Cocemfe Madrid), denuncia &#8220;la exclusi\u00f3n cultural que sufren estas personas&#8221;. &#8220;Las barreras las generan las personas, no se crean solas. Existe un marco legal que obliga a garantizar su acceso a cualquier espacio, incluso una convenci\u00f3n internacional; pero seguimos viendo c\u00f3mo se sigue incumpliendo sistem\u00e1ticamente por parte de las administraciones. Por supuesto, esto es a\u00fan peor en el \u00e1mbito privado&#8221;, apunta Font.<\/p>\n\n\n\n<p>VIDEOS ADJUNTOS<\/p>\n\n\n\n<figure class=\"wp-block-embed is-type-video is-provider-youtube wp-block-embed-youtube wp-embed-aspect-16-9 wp-has-aspect-ratio\"><div class=\"wp-block-embed__wrapper\">\n<iframe loading=\"lazy\" title=\"Adriana Mac\u00edas: una mujer sin brazos que inspira a miles de personas\" width=\"1140\" height=\"641\" src=\"https:\/\/www.youtube.com\/embed\/4AotHDlfK9I?feature=oembed\" frameborder=\"0\" allow=\"accelerometer; autoplay; clipboard-write; encrypted-media; gyroscope; picture-in-picture\" allowfullscreen><\/iframe>\n<\/div><\/figure>\n\n\n\n<p>REFLEXION<\/p>\n\n\n\n<p>Lo que la oruga llama el fin, el resto del mundo le llama mariposa. (Lao Tzu) Toda la gloria proviene de atreverse a comenzar. (Eugene F. Ware) El fracaso es la oportunidad de comenzar de nuevo con m\u00e1s inteligencia. (Henry Ford) &#8230;&#8230;<\/p>\n","protected":false},"excerpt":{"rendered":"<p>FISCAL CALENDARIO De presupuesto autorizado a las Unidades Responsables para el ejercicio fiscal 2020 Con fundamento en los art\u00edculos 23, de la Ley Federal de Presupuesto y Responsabilidad Hacendaria; 22, fracci\u00f3n IX, inciso b) del Reglamento de la Ley Federal de Presupuesto y Responsabilidad Hacendaria; 70, del Reglamento Interior del Instituto Mexicano del Seguro Social [&hellip;]<\/p>\n","protected":false},"author":1,"featured_media":0,"parent":0,"menu_order":0,"comment_status":"closed","ping_status":"closed","template":"","meta":{"footnotes":""},"class_list":["post-141","page","type-page","status-publish","hentry","post"],"_links":{"self":[{"href":"https:\/\/amacac.com.mx\/index.php?rest_route=\/wp\/v2\/pages\/141","targetHints":{"allow":["GET"]}}],"collection":[{"href":"https:\/\/amacac.com.mx\/index.php?rest_route=\/wp\/v2\/pages"}],"about":[{"href":"https:\/\/amacac.com.mx\/index.php?rest_route=\/wp\/v2\/types\/page"}],"author":[{"embeddable":true,"href":"https:\/\/amacac.com.mx\/index.php?rest_route=\/wp\/v2\/users\/1"}],"replies":[{"embeddable":true,"href":"https:\/\/amacac.com.mx\/index.php?rest_route=%2Fwp%2Fv2%2Fcomments&post=141"}],"version-history":[{"count":1,"href":"https:\/\/amacac.com.mx\/index.php?rest_route=\/wp\/v2\/pages\/141\/revisions"}],"predecessor-version":[{"id":142,"href":"https:\/\/amacac.com.mx\/index.php?rest_route=\/wp\/v2\/pages\/141\/revisions\/142"}],"wp:attachment":[{"href":"https:\/\/amacac.com.mx\/index.php?rest_route=%2Fwp%2Fv2%2Fmedia&parent=141"}],"curies":[{"name":"wp","href":"https:\/\/api.w.org\/{rel}","templated":true}]}}