{"id":143,"date":"2021-02-25T05:08:27","date_gmt":"2021-02-25T05:08:27","guid":{"rendered":"https:\/\/amacac.com.mx\/?page_id=143"},"modified":"2021-02-25T05:08:27","modified_gmt":"2021-02-25T05:08:27","slug":"boletin-quincenal-numero-235-segunda-a-quincena-de-enero-de-2020","status":"publish","type":"page","link":"https:\/\/amacac.com.mx\/?page_id=143","title":{"rendered":"BOLET\u00cdN QUINCENAL. N\u00daMERO 235 SEGUNDA A QUINCENA DE ENERO DE 2020"},"content":{"rendered":"\n<p>FISCAL<\/p>\n\n\n\n<p>DECRETO por el que se reforman diversas disposiciones del Reglamento de la Ley Federal de Presupuesto y Responsabilidad Hacendaria.<\/p>\n\n\n\n<p>DECRETO POR EL QUE SE REFORMAN DIVERSAS DISPOSICIONES DEL REGLAMENTO DE LA LEY FEDERAL DE PRESUPUESTO Y RESPONSABILIDAD HACENDARIA<\/p>\n\n\n\n<p>ART\u00cdCULO \u00daNICO.- Se REFORMAN los art\u00edculos 162; 164; 165, p\u00e1rrafo primero; 167, p\u00e1rrafo primero y 169, p\u00e1rrafo primero del Reglamento de la Ley Federal de Presupuesto y Responsabilidad Hacendaria, para quedar como sigue:<\/p>\n\n\n\n<p>&#8220;ART\u00cdCULO 162. La Secretar\u00eda designar\u00e1 a un agente financiero para que intervenga en los cr\u00e9ditos externos s\u00f3lo cuando se contraten para financiar total o parcialmente programas o proyectos de inversi\u00f3n de las dependencias, y dichos cr\u00e9ditos hayan sido sometidos a consideraci\u00f3n del Comit\u00e9 de Cr\u00e9dito Externo, de conformidad con lo dispuesto en el art\u00edculo 36 de la Ley. Las dependencias, con base en su presupuesto aprobado o modificado autorizado, a trav\u00e9s del agente financiero designado por la Secretar\u00eda, podr\u00e1n utilizar el sistema de desembolsos establecido con los organismos financieros internacionales, conforme a lo que determine la propia Secretar\u00eda.<\/p>\n\n\n\n<p>Las dependencias deber\u00e1n emitir cuentas por liquidar certificadas que no impliquen salida de recursos para registrar presupuestariamente las erogaciones realizadas con base en la documentaci\u00f3n comprobatoria de respaldo para la continuaci\u00f3n de los programas y proyectos.<\/p>\n\n\n\n<p>ART\u00cdCULO 164. Las dependencias solicitar\u00e1n a los agentes financieros designados por la Secretar\u00eda, tramitar los desembolsos del cr\u00e9dito externo con la informaci\u00f3n comprobatoria de los pagos realizados, a fin de que \u00e9stos verifiquen que el desembolso solicitado corresponde a componentes elegibles de financiamiento y que las contrataciones de bienes, obras y servicios cumplen con los requisitos exigidos por los organismos financieros internacionales para considerarlos elegibles de desembolso del cr\u00e9dito externo. Los agentes financieros designados por la Secretar\u00eda, una vez que cuenten con la informaci\u00f3n comprobatoria de los pagos realizados que presenten las dependencias, deber\u00e1n preparar las solicitudes y efectuar\u00e1n los desembolsos de los cr\u00e9ditos externos conforme a los procedimientos convenidos con los organismos financieros internacionales.<\/p>\n\n\n\n<p>ART\u00cdCULO 165. Los agentes financieros designados por la Secretar\u00eda, remitir\u00e1n a \u00e9sta un reporte trimestral que refleje el ejercicio de los recursos de los programas y proyectos financiados total o parcialmente con cr\u00e9dito externo, incluidos los montos desembolsados por programa o proyecto, categor\u00eda de inversi\u00f3n y ejecutor.<\/p>\n\n\n\n<p>&#8230;<\/p>\n\n\n\n<p>ART\u00cdCULO 167. Las dependencias solicitar\u00e1n de la Secretar\u00eda la autorizaci\u00f3n de los t\u00e9rminos y condiciones financieras definitivas que aplicar\u00e1n al cr\u00e9dito bilateral a utilizarse.<\/p>\n\n\n\n<p>&#8230;<\/p>\n\n\n\n<p>ART\u00cdCULO 169. Cuando el cr\u00e9dito bilateral no se ejerza, las dependencias solicitar\u00e1n a la Tesorer\u00eda la cancelaci\u00f3n de los recursos consignados en la cuenta por liquidar certificada mediante la emisi\u00f3n del aviso de reintegro, anexando a \u00e9ste el oficio de cancelaci\u00f3n y el formulario m\u00faltiple de pagos referido en el art\u00edculo anterior, a efecto de que se reintegren los recursos a las l\u00edneas globales por los importes no ejercidos.<\/p>\n\n\n\n<p>FINANZAS<\/p>\n\n\n\n<p>TASA de inter\u00e9s interbancaria de equilibrio de fondeo a un d\u00eda h\u00e1bil bancario.<\/p>\n\n\n\n<p>TASA DE INTER\u00c9S INTERBANCARIA DE EQUILIBRIO DE FONDEO A UN D\u00cdA H\u00c1BIL BANCARIO<\/p>\n\n\n\n<p>El Banco de M\u00e9xico, con fundamento en los art\u00edculos 8o. y 10 del Reglamento Interior del Banco de M\u00e9xico y de conformidad con el procedimiento establecido en el Cap\u00edtulo IV del T\u00edtulo Tercero de su Circular 3\/2012, informa que la Tasa de Inter\u00e9s Interbancaria de Equilibrio (TIIE) de Fondeo a un d\u00eda h\u00e1bil bancario en moneda nacional determinada el d\u00eda de hoy, fue de 7.26 por ciento<\/p>\n\n\n\n<p>POLITICO<\/p>\n\n\n\n<p>CONVENIO Marco de Coordinaci\u00f3n que celebran la Secretar\u00eda de Gobernaci\u00f3n y el Estado de Guerrero, a fin de coordinar y evaluar la aplicaci\u00f3n de la pol\u00edtica de poblaci\u00f3n en la entidad. La Ley General de Poblaci\u00f3n en el art\u00edculo 1o. dispone que tiene como objeto regular los fen\u00f3menos que afectan a la poblaci\u00f3n en cuanto a su volumen, estructura, din\u00e1mica y distribuci\u00f3n en el territorio nacional, con el fin de lograr que participe justa y equitativamente de los beneficios del desarrollo econ\u00f3mico y social.<\/p>\n\n\n\n<p>La Ley de Planeaci\u00f3n en el art\u00edculo 3o. establece que se entiende por planeaci\u00f3n nacional de desarrollo la ordenaci\u00f3n racional y sistem\u00e1tica de acciones que, en base en el ejercicio de las atribuciones del Ejecutivo Federal en materia de regulaci\u00f3n y promoci\u00f3n de la actividad econ\u00f3mica, social, pol\u00edtica, cultural, de protecci\u00f3n al ambiente y aprovechamiento racional de los recursos naturales, as\u00ed como, de ordenamiento territorial de los asentamientos humanos y desarrollo urbano, tiene como prop\u00f3sito la transformaci\u00f3n de la realidad del pa\u00eds, y para alcanzar estos fines, el proceso de planeaci\u00f3n fijar\u00e1 objetivos, metas, estrategias y prioridades, as\u00ed como, criterios basados en estudios de factibilidad cultural; adicionalmente, en el art\u00edculo 9o., prev\u00e9 que las dependencias y entidades de la Administraci\u00f3n P\u00fablica Federal deber\u00e1n planear y conducir sus actividades con perspectiva intercultural y de g\u00e9nero y con sujeci\u00f3n a los objetivos y prioridades de la planeaci\u00f3n nacional de desarrollo, a fin de cumplir con la obligaci\u00f3n del Estado de garantizar que \u00e9ste sea equitativo, incluyente, integral, sustentable y sostenible. el gobierno federal impulsar\u00e1 una nueva v\u00eda hacia el desarrollo para el bienestar, una v\u00eda en la que la participaci\u00f3n de la sociedad resulte indispensable ser\u00e1 una construcci\u00f3n colectiva, que incluya la vasta diversidad de posturas pol\u00edticas, condiciones socioecon\u00f3micas, espiritualidades, culturas, regiones e idiomas, ocupaciones y oficios, edades e identidades y preferencias sexuales que confluye en la poblaci\u00f3n actual de M\u00e9xico<\/p>\n\n\n\n<p>El PND establece como objetivo superior &#8220;El bienestar general de la poblaci\u00f3n&#8221; el cual se busca alcanzar a trav\u00e9s de la construcci\u00f3n de un nuevo modelo de desarrollo, as\u00ed como, la reconfiguraci\u00f3n del r\u00e9gimen pol\u00edtico, buscando el bienestar y la justicia de todos los sectores sociales sin excluir a nadie, pero priorizando los grupos vulnerables y la erradicaci\u00f3n de la corrupci\u00f3n, lo cual se observa desde la Constituci\u00f3n Pol\u00edtica de los Estados Unidos Mexicanos en el art\u00edculo 26<\/p>\n\n\n\n<p>De los Doce Principios Rectores del PND, la Secretar\u00eda General del Consejo Nacional de Poblaci\u00f3n, participa de manera directa en Nueve: No dejar a nadie atr\u00e1s, no dejar a nadie a fuera, que pretende impulsar un modelo de desarrollo con inclusi\u00f3n, igualdad, sustentable, y sensible a las diferencias territoriales; y por el bien de todos, primero los pobres, que infiere a separar poder pol\u00edtico del poder econ\u00f3mico para un ejercicio de gobierno en beneficio de la poblaci\u00f3n en mayor pobreza no m\u00e1s migraci\u00f3n por hambre o por violencia, para ofrecer a todos los ciudadanos las condiciones adecuadas para que puedan vivir con dignidad y seguridad; \u00e9tica, libertad, confianza, propone construir un paradigma para un pacto social basado en la generosidad, colaboraci\u00f3n, libertad, empat\u00eda y la confianza; democracia significa el gobierno del pueblo, entendido para impulsar una democracia participativa, socializar el poder pol\u00edtico e involucrar a la sociedad en las decisiones; honradez y honestidad, dirigida a acabar con la corrupci\u00f3n en uso de recursos p\u00fablicos y en el desempe\u00f1o de las funciones; al margen de la ley, nada; por encima de la ley, nadie, el cual plantea desempe\u00f1ar el poder con apego a la ley, observando los derechos humanos y premisas de di\u00e1logo; no al gobierno rico con pueblo pobre significa emplear recursos para cumplir las obligaciones del Estado con la poblaci\u00f3n, en especial la m\u00e1s vulnerable econom\u00eda para el bienestar, que se refiere a crecer con disciplina fiscal, austeridad, mercado interno, empleo al agro, ciencia y educaci\u00f3n la Ley General de Poblaci\u00f3n en el que expresa, &#8220;Se crea el Consejo Nacional de Poblaci\u00f3n que tendr\u00e1 a su cargo la planeaci\u00f3n demogr\u00e1fica del pa\u00eds, con objeto de incluir a la poblaci\u00f3n en los programas de desarrollo econ\u00f3mico y social que se formulen dentro del sector gubernamental y vincular los objetivos de \u00e9stos con las necesidades que plantean los fen\u00f3menos demogr\u00e1ficos&#8221;. El Plan Estatal de Desarrollo del Estado de Guerrero 2016-2021, publicado en el Peri\u00f3dico Oficial del Gobierno del Estado de Guerrero, el 5 de abril de 2016, establece como objetivo general &#8220;Transformar a Guerrero&#8221;, con la Meta Estatal n\u00famero III. &#8220;Guerrero Socialmente Comprometido&#8221; que es su estrategia 3.2.2. &#8220;Articular pol\u00edticas p\u00fablicas que atiendan de manera espec\u00edfica cada etapa del ciclo de vida de la poblaci\u00f3n&#8221;, prev\u00e9 como Estrategias Transversales las siguientes: 6.1. Atender a Ni\u00f1as, Ni\u00f1os y Adolescentes; 6.2. Alentar la participaci\u00f3n de la juventud; 6.3 Garantizar la igualdad entre mujeres y hombres; 6.4 Atender a los migrantes; 6.5 Atender a los pueblos originarios y afro mexicanos y 6.6 Gestionar debidamente la ecolog\u00eda. Que con fecha 20 de octubre de 1987, se public\u00f3 en el Peri\u00f3dico Oficial del Gobierno del Estado de Guerrero n\u00famero 90, el Decreto que crea el Consejo Estatal de Poblaci\u00f3n del Estado de Guerrero como \u00f3rgano de coordinaci\u00f3n, en cumplimiento a la Cl\u00e1usula Segunda fracci\u00f3n 2 inciso A) del Acuerdo de Coordinaci\u00f3n celebrado entre el Gobierno Federal y el Gobierno del Estado de Guerrero, con el objetivo de elaborar, promover y coordinar la ejecuci\u00f3n y acciones espec\u00edficas en materia de poblaci\u00f3n, a fin de adecuar la din\u00e1mica y distribuci\u00f3n de la poblaci\u00f3n, con los programas estatales, sectoriales y regionales de desarrollo econ\u00f3mico y social.<\/p>\n\n\n\n<p>INTERNACIONAL<\/p>\n\n\n\n<p>DECRETO por el que se aprueban las Declaraciones del Estado Mexicano al Acta de Ginebra del Arreglo de la Haya relativo al Registro Internacional de Dibujos y Modelos Industriales, adoptada en Gi nebra el dos de julio de mil novecientos noventa y nueve.<\/p>\n\n\n\n<p>DECRETO<\/p>\n\n\n\n<p>&#8220;LA C\u00c1MARA DE SENADORES DEL HONORABLE CONGRESO DE LA UNI\u00d3N, EN EJERCICIO DE LA FACULTAD QUE LE CONFIERE EL ART\u00cdCULO 76, FRACCI\u00d3N I DE LA CONSTITUCI\u00d3N POL\u00cdTICA DE LOS ESTADOS UNIDOS MEXICANOS, DECRETA:<\/p>\n\n\n\n<p>ART\u00cdCULO \u00daNICO.- Se aprueban las DECLARACIONES DEL ESTADO MEXICANO AL ACTA DE GINEBRA DEL ARREGLO DE LA HAYA RELATIVO AL REGISTRO INTERNACIONAL DE DIBUJOS Y MODELOS INDUSTRIALES, ADOPTADA EN GINEBRA EL DOS DE JULIO DE MIL NOVECIENTOS NOVENTA Y NUEVE, que a la letra dicen:<\/p>\n\n\n\n<p>&#8220;I. De conformidad con el Art\u00edculo 7.2) del Acta de Ginebra de 1999, se declara que por cada solicitud internacional en el que los Estados Unidos Mexicanos sea designado, y en relaci\u00f3n con la renovaci\u00f3n de cualquier registro internacional resultante de dicha solicitud internacional, se desea recibir el pago de una tasa de designaci\u00f3n individual.<\/p>\n\n\n\n<p>El monto de la tasa de designaci\u00f3n individual ser\u00e1 el previsto por el &#8220;Acuerdo por el que se da a conocer la Tarifa por los servicios que presta el Instituto Mexicano de la Propiedad Industrial&#8221; en los siguientes t\u00e9rminos:<\/p>\n\n\n\n<p>El monto de la tasa de designaci\u00f3n individual ser\u00e1 el siguiente:<\/p>\n\n\n\n<p>A) Por la presentaci\u00f3n de una solicitud de registro de un dise\u00f1o industrial, por el primer dibujo o modelo industrial: $2,320.00 (dos mil trescientos veinte pesos 00\/100 M.N.).<\/p>\n\n\n\n<p>B) Por cada dibujo o modelo industrial adicional: $71.00 (setenta y un pesos 00\/100 M.N.).<\/p>\n\n\n\n<p>C) Por la expedici\u00f3n del t\u00edtulo de un registro de dise\u00f1o industrial y sus primeros cinco a\u00f1os de vigencia: $6,694.00 (seis mil seiscientos noventa y cuatro pesos 00\/100 M.N.).<\/p>\n\n\n\n<p>D) Por la renovaci\u00f3n de un registro de un dise\u00f1o industrial, por cada periodo de cinco a\u00f1os: $6,875.00 (seis mil ochocientos setenta y cinco pesos 00\/100 M.N.).<\/p>\n\n\n\n<p>Dicha cuant\u00eda podr\u00e1 ser modificada mediante Declaraciones posteriores.<\/p>\n\n\n\n<p>La reducci\u00f3n de las tasas o tarifas podr\u00e1 realizarse en los t\u00e9rminos del &#8220;Acuerdo por el que se da a conocer la tarifa por los servicios que presta el Instituto Mexicano de la Propiedad Industrial&#8221;.<\/p>\n\n\n\n<p>II. De conformidad con el Art\u00edculo 11.1)b) del Acta de Ginebra de 1999, se declara que la legislaci\u00f3n de los Estados Unidos Mexicanos no dispone el aplazamiento de la publicaci\u00f3n de un dibujo o modelo industrial.<\/p>\n\n\n\n<p>III. De conformidad con el Art\u00edculo 13.1) del Acta de Ginebra de 1999, se declara que de conformidad con la legislaci\u00f3n de los Estados Unidos Mexicanos, la solicitud deber\u00e1 referirse a un solo dibujo o modelo industrial, o a un grupo de dibujos o modelos industriales relacionados de tal manera entre s\u00ed que conformen un \u00fanico concepto.<\/p>\n\n\n\n<p>IV. De conformidad con el Art\u00edculo 16.2) del Acta de Ginebra de 1999, se declara que de acuerdo con la legislaci\u00f3n de los Estados Unidos Mexicanos, cualquier cambio en la titularidad del registro internacional, no producir\u00e1 sus efectos hasta que el Instituto Mexicano de la Propiedad Industrial haya recibido la documentaci\u00f3n que acredite dicha transferencia.<\/p>\n\n\n\n<p>V. De conformidad con el Art\u00edculo 17.3)c) del Acta de Ginebra de 1999, se declara que la duraci\u00f3n m\u00e1xima de la protecci\u00f3n prevista en la legislaci\u00f3n de los Estados Unidos Mexicanos con respecto a los dibujos y modelos industriales es de veinticinco (25) a\u00f1os.&#8221;<\/p>\n\n\n\n<p>SAGRADAS ESCRITURAS<\/p>\n\n\n\n<p>1 Corintios 15:10 Pero por la gracia de Dios soy lo que soy, y su gracia para conmigo no result\u00f3 vana; antes bien he trabajado mucho m\u00e1s que todos ellos, aunque no yo, sino la gracia de Dios en m\u00ed.<\/p>\n\n\n\n<p>G\u00e1latas 5:14<\/p>\n\n\n\n<p>Porque toda la ley en una palabra se cumple en el {precepto:} AMARAS A TU PROJIMO COMO A TI MISMO.<\/p>\n\n\n\n<p>DISCAPACITADOS SOBRESALIENTES<\/p>\n\n\n\n<p>La atleta Sara Andr\u00e9s, miembro del equipo paral\u00edmpico espa\u00f1ol y medallista en el Mundial de Paratletismo de 2017 en Londres y r\u00e9cord del Mundo en el \u00faltimo Mundial de 2019 en Dub\u00e1i, ha liderado este jueves un taller dirigido a potenciar el pensamiento positivo y la capacidad de resiliencia. Al evento, celebrado en la sede central de Sanitas en Madrid, han asistido m\u00e1s de 100 personas procedentes de distintas empresas participantes en el programa Healthy Cities, una de las principales iniciativas de RSC de la compa\u00f1\u00eda. Ante ellos, Sara Andr\u00e9s ha narrado su experiencia vital y la manera en que consigui\u00f3 superar su accidente de tr\u00e1fico hasta llegar a convertirse en deportista profesional a trav\u00e9s del pensamiento positivo.<\/p>\n\n\n\n<p>Durante el taller, que se enmarca en el mes del Bienestar Emocional, los asistentes pudieron aprender de la mano de la propia Sara Andr\u00e9s, con el apoyo del psic\u00f3logo del Servicio de Promoci\u00f3n de la Salud de Sanitas Andr\u00e9s C\u00f3rdoba, c\u00f3mo afrontar situaciones traum\u00e1ticas, as\u00ed como t\u00e9cnicas para poder superarlas haciendo uso de la psicolog\u00eda positiva. La psicolog\u00eda positiva, como apunta el psic\u00f3logo y conductor del taller &#8220;busca potenciar las emociones positivas, tener compromiso con las tareas que realizamos, potenciar las relaciones personales, buscar un significado a lo que hacemos y reconocer nuestros logros.&#8221;<\/p>\n\n\n\n<p>VIDEOS ADJUNTOS<\/p>\n\n\n\n<p>https:\/\/www.youtube.com\/watch?v=ny3pT7-upY0 REFLEXION<\/p>\n\n\n\n<p>Lo \u00fanico que te har\u00e1 feliz es ser feliz con quien eres, y no lo que la gente piensa que eres. (Goldie Hawn)<\/p>\n\n\n\n<p>&#8220;Se\u00f1or, conc\u00e9deme la serenidad para aceptar las cosas que no puedo cambiar, valor para cambiar aquellas que puedo, y sabidur\u00eda para reconocer la diferencia&#8221;. (San Francisco de Asis)<\/p>\n","protected":false},"excerpt":{"rendered":"<p>FISCAL DECRETO por el que se reforman diversas disposiciones del Reglamento de la Ley Federal de Presupuesto y Responsabilidad Hacendaria. DECRETO POR EL QUE SE REFORMAN DIVERSAS DISPOSICIONES DEL REGLAMENTO DE LA LEY FEDERAL DE PRESUPUESTO Y RESPONSABILIDAD HACENDARIA ART\u00cdCULO \u00daNICO.- Se REFORMAN los art\u00edculos 162; 164; 165, p\u00e1rrafo primero; 167, p\u00e1rrafo primero y 169, [&hellip;]<\/p>\n","protected":false},"author":1,"featured_media":0,"parent":0,"menu_order":0,"comment_status":"closed","ping_status":"closed","template":"","meta":{"footnotes":""},"class_list":["post-143","page","type-page","status-publish","hentry","post"],"_links":{"self":[{"href":"https:\/\/amacac.com.mx\/index.php?rest_route=\/wp\/v2\/pages\/143","targetHints":{"allow":["GET"]}}],"collection":[{"href":"https:\/\/amacac.com.mx\/index.php?rest_route=\/wp\/v2\/pages"}],"about":[{"href":"https:\/\/amacac.com.mx\/index.php?rest_route=\/wp\/v2\/types\/page"}],"author":[{"embeddable":true,"href":"https:\/\/amacac.com.mx\/index.php?rest_route=\/wp\/v2\/users\/1"}],"replies":[{"embeddable":true,"href":"https:\/\/amacac.com.mx\/index.php?rest_route=%2Fwp%2Fv2%2Fcomments&post=143"}],"version-history":[{"count":1,"href":"https:\/\/amacac.com.mx\/index.php?rest_route=\/wp\/v2\/pages\/143\/revisions"}],"predecessor-version":[{"id":144,"href":"https:\/\/amacac.com.mx\/index.php?rest_route=\/wp\/v2\/pages\/143\/revisions\/144"}],"wp:attachment":[{"href":"https:\/\/amacac.com.mx\/index.php?rest_route=%2Fwp%2Fv2%2Fmedia&parent=143"}],"curies":[{"name":"wp","href":"https:\/\/api.w.org\/{rel}","templated":true}]}}