{"id":147,"date":"2021-02-25T05:13:42","date_gmt":"2021-02-25T05:13:42","guid":{"rendered":"https:\/\/amacac.com.mx\/?page_id=147"},"modified":"2021-02-25T05:13:42","modified_gmt":"2021-02-25T05:13:42","slug":"boletin-quincenal-numero-239-primera-quincena-de-marzo-de-2020","status":"publish","type":"page","link":"https:\/\/amacac.com.mx\/?page_id=147","title":{"rendered":"BOLET\u00cdN QUINCENAL. N\u00daMERO 239 PRIMERA QUINCENA DE MARZO DE 2020"},"content":{"rendered":"\n<p>FISCAL<\/p>\n\n\n\n<p>PLAN Anual de Trabajo del Consejo Nacional de Armonizaci\u00f3n Contable para el ejercicio 2020.<\/p>\n\n\n\n<p>PLAN ANUAL DE TRABAJO DEL CONSEJO NACIONAL DE ARMONIZACI\u00d3N CONTABLE PARA EL EJERCICIO 2020<\/p>\n\n\n\n<figure class=\"wp-block-image\"><img decoding=\"async\" src=\"https:\/\/amacac5.webnode.es\/_files\/200000034-1432214324\/BOLETIN%20239.png\" alt=\"\"\/><\/figure>\n\n\n\n<figure class=\"wp-block-image\"><img decoding=\"async\" src=\"https:\/\/amacac5.webnode.es\/_files\/200000035-70aed70aef\/BOLETIN%20239%202.png\" alt=\"\"\/><\/figure>\n\n\n\n<p>En la Ciudad de M\u00e9xico, siendo las doce horas del d\u00eda 26 de febrero del a\u00f1o dos mil veinte, con fundamento en los art\u00edculos 11 de la Ley General de Contabilidad Gubernamental, 12, fracci\u00f3n IV, y 64 del Reglamento Interior de la Secretar\u00eda de Hacienda y Cr\u00e9dito P\u00fablico, el Titular de la Unidad de Contabilidad Gubernamental de la Subsecretar\u00eda de Egresos de la Secretar\u00eda de Hacienda y Cr\u00e9dito P\u00fablico, en mi calidad de Secretario T\u00e9cnico del Consejo Nacional de Armonizaci\u00f3n Contable, HAGO CONSTAR Y CERTIFICO que el documento consistente en 1 foja \u00fatil, rubricada y cotejada, corresponde con el texto del Plan Anual de Trabajo del Consejo Nacional de Armonizaci\u00f3n Contable para 2020, aprobado por el Consejo Nacional de Armonizaci\u00f3n Contable, mismo que estuvo a la vista de los integrantes de dicho Consejo en su primera reuni\u00f3n celebrada, en segunda convocatoria, el 25 de febrero del presente a\u00f1o, situaci\u00f3n que se certifica para los efectos legales conducentes. R\u00fabrica. El Secretario T\u00e9cnico del Consejo Nacional de Armonizaci\u00f3n Contable, Juan Torres Garc\u00eda.- R\u00fabrica.<\/p>\n\n\n\n<p>FINANZAS<\/p>\n\n\n\n<p>Ca\u00edda del precio del petr\u00f3leo: las consecuencias para Am\u00e9rica Latina de la ca\u00edda del valor del crudo en medio de la crisis por el coronavirus<\/p>\n\n\n\n<p>El desplome petrolero se produjo en medio de la crisis global provocada por el coronavirus, que hundi\u00f3 la demanda de crudo y provoc\u00f3 la peor jornada desde la crisis financiera de 2008, bautizada como &#8220;lunes negro&#8221;.<\/p>\n\n\n\n<p>Sin embargo, este martes volvi\u00f3 la calma en medio del caos. Los mercados y el precio del petr\u00f3leo se recuperaron.<\/p>\n\n\n\n<p>Wall Street abri\u00f3 sus operaciones con una subida de 3,5%, animada por el anuncio de medidas de est\u00edmulo econ\u00f3mico por parte de la Casa Blanca, mientras que el petr\u00f3leo sub\u00eda 7%.<\/p>\n\n\n\n<p>\u00bfC\u00f3mo afecta la ca\u00edda del petr\u00f3leo a la regi\u00f3n?<\/p>\n\n\n\n<p>Los pa\u00edses m\u00e1s afectados por el desplome petrolero en Am\u00e9rica Latina son Venezuela, Colombia y Ecuador, porque sus ingresos fiscales dependen directamente del valor de sus exportaciones de crudo.<\/p>\n\n\n\n<p>En el caso de M\u00e9xico es un golpe duro para la estatal Pemex -la petrolera m\u00e1s endeudada del mundo- y para los planes de inversi\u00f3n del gobierno de Andr\u00e9s Manuel L\u00f3pez Obrador, aunque no tendr\u00eda un efecto tan grave sobre las finanzas p\u00fablicas, dado que el pa\u00eds ha diversificado sus fuentes de ingreso.<\/p>\n\n\n\n<p>Como contraparte, el resto de los pa\u00edses de la regi\u00f3n que son importadores de petr\u00f3leo, se ver\u00e1n beneficiados con los precios m\u00e1s bajos, una buena noticia en medio del caos financiero global por el coronavirus.<\/p>\n\n\n\n<p>El golpe en Am\u00e9rica Latina<\/p>\n\n\n\n<p>Mientras sigue propag\u00e1ndose el brote de coronavirus y en medio del desplome petrolero junto al &#8220;lunes negro&#8221; en las bolsas, el d\u00f3lar se dispar\u00f3.<\/p>\n\n\n\n<p>Las principales monedas y mercados burs\u00e1tiles de la regi\u00f3n registraron fuertes p\u00e9rdidas, siguiendo el descalabro global.<\/p>\n\n\n\n<p>C\u00f3mo te puede afectar el desplome de las monedas en Am\u00e9rica Latina por el coronavirus<\/p>\n\n\n\n<p>El peso mexicano, uno de los term\u00f3metros m\u00e1s fieles de la situaci\u00f3n econ\u00f3mica del pa\u00eds, retrocedi\u00f3 este lunes m\u00e1s de 8%, una de las mayores ca\u00eddas diarias desde que hay registros, solo superada por las bajas en la crisis financiera de 2008 y 2009 y la victoria de Donald Trump.<\/p>\n\n\n\n<p>En la Bolsa de Sao Paulo, el \u00edndice Ibovespa sigui\u00f3 la senda de Wall Street cuando tuvo que suspender por 30 minutos la actividad burs\u00e1til luego que cayera un 10% poco despu\u00e9s de su apertura.<\/p>\n\n\n\n<p>La petrolera estatal Petrobras lider\u00f3 las ca\u00eddas con un desplome que lleg\u00f3 a 20%. El d\u00f3lar, que lleva meses subiendo frente al real, continu\u00f3 en ascenso, llegando a cotizarse a 4,79 durante las primeras horas de la ma\u00f1ana.<\/p>\n\n\n\n<p>la Bolsa de Buenos Aires cay\u00f3 en la apertura un 12%, aunque luego se recuper\u00f3 en parte, marcando un descenso de 9% en una jornada con muy pocas operaciones.<\/p>\n\n\n\n<p>La petrolera estatal YPF lleg\u00f3 a caer m\u00e1s de 23% y el riesgo pa\u00eds lleg\u00f3 a su mayor nivel desde 2005.<\/p>\n\n\n\n<p>Las p\u00e9rdidas burs\u00e1tiles tambi\u00e9n fueron profundas en Colombia, con una baja de casi 9% en las primeras transacciones de la ma\u00f1ana, mientras que los efectos del lunes negro repercutieron especialmente en la moneda local.<\/p>\n\n\n\n<p>POLITICO<\/p>\n\n\n\n<p>CONSIDERANDO<\/p>\n\n\n\n<p>Que la Ley General del Sistema Nacional Anticorrupci\u00f3n es de orden p\u00fablico y de observancia general en toda la Rep\u00fablica, y tiene por objeto instaurar las bases y pol\u00edticas para la promoci\u00f3n, fomento y difusi\u00f3n de la cultura de integridad en el servicio p\u00fablico; establecer las acciones permanentes que aseguren la integridad y el comportamiento \u00e9tico de las personas servidoras p\u00fablicas, para que todo \u00f3rgano del Estado mexicano cuente con pol\u00edticas eficaces de \u00e9tica p\u00fablica y responsabilidad en el servicio p\u00fablico.<\/p>\n\n\n\n<p>Que la Ley General de Acceso de las Mujeres a una Vida Libre de Violencia tiene por objeto prevenir, sancionar y erradicar la violencia contra las mujeres, y establece como principios rectores para el acceso a una vida libre de violencia: La igualdad jur\u00eddica entre la mujer y el hombre; el respeto a la dignidad humana de las mujeres; la no discriminaci\u00f3n, y la libertad de las mujeres.<\/p>\n\n\n\n<p>Que en t\u00e9rminos del art\u00edculo 6 y 16 de la Ley General de Responsabilidades Administrativas, es obligaci\u00f3n de los entes p\u00fablicos crear y mantener condiciones que permitan la actuaci\u00f3n \u00e9tica y responsable de cada persona servidora p\u00fablica, por lo que el personal que labore en el servicio p\u00fablico federal debe observar el C\u00f3digo de \u00c9tica para que, en su actuaci\u00f3n impere una conducta digna que responda a las necesidades de la sociedad.<\/p>\n\n\n\n<p>C\u00d3DIGO DE \u00c9TICA DE LAS PERSONAS SERVIDORAS P\u00daBLICAS DEL GOBIERNO FEDERAL<\/p>\n\n\n\n<p>CAP\u00cdTULO III<\/p>\n\n\n\n<p>DE LOS COMPROMISOS CON EL SERVICIO P\u00daBLICO<\/p>\n\n\n\n<p>ART\u00cdCULO 16. Las personas servidoras p\u00fablicas observar\u00e1n un comportamiento digno, y no deber\u00e1n realizar conductas que impliquen acoso sexual, hostigamiento sexual, o cualquier otra forma de violencia que constituya una violaci\u00f3n a los derechos humanos, con el objeto de generar ambientes laborales seguros que privilegien el respeto de las personas.<\/p>\n\n\n\n<p>CAP\u00cdTULO V<\/p>\n\n\n\n<p>DE LOS MECANISMOS DE CAPACITACI\u00d3N Y DIFUSI\u00d3N<\/p>\n\n\n\n<p>ART\u00cdCULO 27. Para la divulgaci\u00f3n, conocimiento y apropiaci\u00f3n del C\u00f3digo de \u00c9tica, el C\u00f3digo de Conducta y las pol\u00edticas de integridad, las dependencias, entidades y empresas productivas del Estado, deber\u00e1n establecer en conjunto con los Comit\u00e9s o an\u00e1logos, un programa anual para la divulgaci\u00f3n de dichos instrumentos y la capacitaci\u00f3n que refuerce la habilidad de su personal para realizar juicios \u00e9ticos, encaminados a prevenir la violencia de g\u00e9nero, el acoso sexual y hostigamiento sexual, o cualquier otra conducta que vulnere la dignidad humana, los derechos o las libertades, as\u00ed como de cualquier principio, valor o regla de integridad previstos en este C\u00f3digo.<\/p>\n\n\n\n<p>INTENACIONAL<\/p>\n\n\n\n<p>En Wuhan Una mujer de 103 a\u00f1os se convierte en el paciente m\u00e1s anciano que supera el virus<\/p>\n\n\n\n<p>Una mujer de 103 a\u00f1os ha vencido al Covid-19 y se ha convertido en la persona m\u00e1s anciana en vencer a la pandemia, seg\u00fan ha adelantado &#8216;The Independent&#8217;.<\/p>\n\n\n\n<p>La pronta recuperaci\u00f3n de Zhang Guangfen se debi\u00f3 a que no ten\u00eda patolog\u00edas previas. La centenaria pas\u00f3 seis d\u00edas en un hospital de Wuhan, la ciudad epicentro del brote, recibiendo tratamiento antes de ser dada de alta.<\/p>\n\n\n\n<p>El peri\u00f3dico &#8216;Chutian Metropolis Daily&#8217; public\u00f3 un v\u00eddeo en el que se puede ver a la mujer abandonando el centro sanitario a principios de esta semana. El caso de Zhang acapar\u00f3 la atenci\u00f3n medi\u00e1tica porque las personas mayores son el grupo m\u00e1s propenso a sufrir complicaciones por el virus.<\/p>\n\n\n\n<p>SAGRADAS ESCRITURAS La tribulaci\u00f3n produce paciencia; y la paciencia, car\u00e1cter probado; y el car\u00e1cter probado, esperanza; Romanos 5:3-4<\/p>\n\n\n\n<p>DISCAPACITADOS SOBRESALIENTES<\/p>\n\n\n\n<p>Down Madrid anima a las mujeres con discapacidad intelectual a superar las barreras y obst\u00e1culos con los que se encuentran Leticia Barrios est\u00e1 trabajando actualmente en la Agencia Estatal del Medicamento del Ministerio de Sanidad tras aprobar unas oposiciones de ordenanza con un 10. Barrios pone en valor el esfuerzo que hizo tanto ella como su familia para conseguir ese resultado en las oposiciones y poder tener ahora un trabajo con el que siempre hab\u00eda so\u00f1ado. &#8220;Estoy muy contenta con mis compa\u00f1eros, pero sobre todo estoy muy orgullosa de mi misma de todo lo que he conseguido&#8221;, celebra. Por su parte, Sof\u00eda Rueda forma parte del equipo de nataci\u00f3n de Down Madrid y este a\u00f1o ha participado en distintos campeonatos regionales. Rueda asegura que &#8220;hemos conseguido muchas medallas y trofeos gracias a nuestro esfuerzo&#8221; al tiempo que se\u00f1ala que su aspiraci\u00f3n es &#8220;seguir compitiendo a nivel nacional y seguir mejorando y esforz\u00e1ndome&#8221;. Para S\u00e1nchez, Autogestores es &#8220;un gran reto, es poder comunicarme y ofrecer mi opini\u00f3n y mis ideas, no se puede luchar por nuestros derechos y obligaciones sin contar con nosotros y sin conocer lo que tenemos que decir o lo que pensamos al respecto&#8221;. &#8220;Necesitamos que las personas con discapacidad intelectual tengan voz y se nos escuche, solo as\u00ed podremos seguir avanzando en la inclusi\u00f3n real&#8221;, augura. Desde Down Madrid han puesto en marcha el hashtag #MujeresDM a trav\u00e9s del cual ir\u00e1n subiendo el testimonio de estas tres mujeres y al que esperan que se sumen mujeres con y sin discapacidad para contar sus historias de superaci\u00f3n, darles visibilidad para que la sociedad pueda conocerlas y celebrar sus logros.<\/p>\n\n\n\n<p>VIDEOS ADJUNTOS https:\/\/www.youtube.com\/watch?v=5OBij6AzGn0<\/p>\n\n\n\n<p>REFLEXION . Cada criatura, al nacer, nos trae el mensaje de que Dios todav\u00eda no pierde la esperanza en los hombres. (Rabindranath Tagore) COMENTARIO Hola lectores espero que est\u00e9n bien y que sigan teniendo fe y esperanza a pesar de la situaci\u00f3n si tienen mucho o frustraci\u00f3n y no saben c\u00f3mo liberarla les aconsejo que griten con todas sus fuerzas hasta que sientan relajado el cuerpo despu\u00e9s si alguien pregunta \u00bfQue est\u00e1s haciendo? Dile que estabas frustrado y no ten\u00edas otra forma de exteriorizarlo luego preg\u00fantale al que te pregunto \u00bfC\u00f3mo le hace para no frustrarse en esta situaci\u00f3n? en este momento es ideal para que te escuchen y escuches para conectarte con otros<\/p>\n","protected":false},"excerpt":{"rendered":"<p>FISCAL PLAN Anual de Trabajo del Consejo Nacional de Armonizaci\u00f3n Contable para el ejercicio 2020. PLAN ANUAL DE TRABAJO DEL CONSEJO NACIONAL DE ARMONIZACI\u00d3N CONTABLE PARA EL EJERCICIO 2020 En la Ciudad de M\u00e9xico, siendo las doce horas del d\u00eda 26 de febrero del a\u00f1o dos mil veinte, con fundamento en los art\u00edculos 11 de [&hellip;]<\/p>\n","protected":false},"author":1,"featured_media":0,"parent":0,"menu_order":0,"comment_status":"closed","ping_status":"closed","template":"","meta":{"footnotes":""},"class_list":["post-147","page","type-page","status-publish","hentry","post"],"_links":{"self":[{"href":"https:\/\/amacac.com.mx\/index.php?rest_route=\/wp\/v2\/pages\/147","targetHints":{"allow":["GET"]}}],"collection":[{"href":"https:\/\/amacac.com.mx\/index.php?rest_route=\/wp\/v2\/pages"}],"about":[{"href":"https:\/\/amacac.com.mx\/index.php?rest_route=\/wp\/v2\/types\/page"}],"author":[{"embeddable":true,"href":"https:\/\/amacac.com.mx\/index.php?rest_route=\/wp\/v2\/users\/1"}],"replies":[{"embeddable":true,"href":"https:\/\/amacac.com.mx\/index.php?rest_route=%2Fwp%2Fv2%2Fcomments&post=147"}],"version-history":[{"count":1,"href":"https:\/\/amacac.com.mx\/index.php?rest_route=\/wp\/v2\/pages\/147\/revisions"}],"predecessor-version":[{"id":148,"href":"https:\/\/amacac.com.mx\/index.php?rest_route=\/wp\/v2\/pages\/147\/revisions\/148"}],"wp:attachment":[{"href":"https:\/\/amacac.com.mx\/index.php?rest_route=%2Fwp%2Fv2%2Fmedia&parent=147"}],"curies":[{"name":"wp","href":"https:\/\/api.w.org\/{rel}","templated":true}]}}