{"id":167,"date":"2021-02-27T18:45:38","date_gmt":"2021-02-27T18:45:38","guid":{"rendered":"https:\/\/amacac.com.mx\/?page_id=167"},"modified":"2021-02-27T18:45:38","modified_gmt":"2021-02-27T18:45:38","slug":"boletin-quincenal-numero-255-primera-quincena-de-noviembre-de-2020","status":"publish","type":"page","link":"https:\/\/amacac.com.mx\/?page_id=167","title":{"rendered":"BOLET\u00cdN QUINCENAL. N\u00daMERO 255 PRIMERA QUINCENA DE NOVIEMBRE DE 2020"},"content":{"rendered":"\n<p>FISCAL<\/p>\n\n\n\n<p>DECRETO que establece las disposiciones para el otorgamiento del aguinaldo correspondiente al ejercicio fiscal de 2020.<\/p>\n\n\n\n<p>ANDR\u00c9S MANUEL L\u00d3PEZ OBRADOR, Presidente de los Estados Unidos Mexicanos, en ejercicio de la facultad que me confiere el art\u00edculo 89, fracci\u00f3n I, de la Constituci\u00f3n Pol\u00edtica de los Estados Unidos Mexicanos, con fundamento en los art\u00edculos 75 y 127 de la propia Constituci\u00f3n; 42 Bis de la Ley Federal de los Trabajadores al Servicio del Estado, Reglamentaria del Apartado B) del Art\u00edculo 123 Constitucional; 31 de la Ley Org\u00e1nica de la Administraci\u00f3n P\u00fablica Federal; 2, fracci\u00f3n XLVI, 64 de la Ley Federal de Presupuesto y Responsabilidad Hacendaria; 4, fracci\u00f3n V y 20 de la Ley Federal de Austeridad Republicana, y 18 y 19 del Decreto de Presupuesto de Egresos de la Federaci\u00f3n para el Ejercicio Fiscal 2020, y<\/p>\n\n\n\n<p>CONSIDERANDO<\/p>\n\n\n\n<p>Que con motivo de la emergencia sanitaria derivada por el virus SARS-CoV2 (COVID-19) y que ha repercutido en la situaci\u00f3n econ\u00f3mica en M\u00e9xico, el Ejecutivo Federal a mi cargo ha establecido una serie de medidas de austeridad y racionalidad en el gasto p\u00fablico de observancia en las dependencias y entidades de la Administraci\u00f3n P\u00fablica Federal, con el prop\u00f3sito de reorientar recursos para enfrentar la pandemia generada por el virus;<\/p>\n\n\n\n<p>Que sin dejar de observar el prop\u00f3sito antes referido, para el presente ejercicio fiscal el Ejecutivo Federal a mi cargo ha decidido otorgar un aguinaldo al personal operativo de confianza, enlace, mando, categor\u00edas y personas f\u00edsicas que prestan sus servicios mediante contrato de honorarios a las dependencias y entidades de la Administraci\u00f3n P\u00fablica Federal as\u00ed como a las personas que reciben haberes de retiro, pensi\u00f3n militar, pensi\u00f3n civil, pensi\u00f3n de gracia, y los deudos de dichas personas a quienes se les haya otorgado una pensi\u00f3n del Instituto de Seguridad y Servicios Sociales de los Trabajadores del Estado o con cargo al erario federal<\/p>\n\n\n\n<p>Que a fin de ser coincidente con las medidas de austeridad que he venido impulsando, he tomado la decisi\u00f3n de reintegrar a la Tesorer\u00eda de la Federaci\u00f3n el 100 por ciento del monto que reciba por concepto de aguinaldo y gratificaci\u00f3n de fin de a\u00f1o y que hist\u00f3ricamente equivale a 40 d\u00edas por esos conceptos, para que se destinen a dar atenci\u00f3n a las necesidades derivadas de la emergencia generada por el virus SARS-CoV2 (COVID-19) en M\u00e9xico, he tenido a bien emitir el siguiente<\/p>\n\n\n\n<p>DECRETO<\/p>\n\n\n\n<p>Del objeto y \u00e1mbito de aplicaci\u00f3n institucional<\/p>\n\n\n\n<p>Art\u00edculo Primero. &#8211; El presente Decreto tiene por objeto establecer las disposiciones para el otorgamiento del aguinaldo correspondiente al ejercicio fiscal de 2020, que efect\u00faen los ejecutores de gasto siguientes:<\/p>\n\n\n\n<p>I. Dependencias: las Secretar\u00edas de Estado, incluyendo a sus \u00f3rganos administrativos desconcentrados, los \u00d3rganos Reguladores Coordinados en Materia Energ\u00e9tica, y la Consejer\u00eda Jur\u00eddica del Ejecutivo Federal.<\/p>\n\n\n\n<p>II. Entidades: las entidades paraestatales de la Administraci\u00f3n P\u00fablica Federal.<\/p>\n\n\n\n<p>Art\u00edculo Segundo. &#8211; Los poderes Legislativo y Judicial de la Federaci\u00f3n, as\u00ed como los entes aut\u00f3nomos federales, en su caso, podr\u00e1n tomar como base las disposiciones del presente Decreto para el pago del aguinaldo, sin perjuicio del ejercicio de su autonom\u00eda<\/p>\n\n\n\n<p>De los sujetos<\/p>\n\n\n\n<p>Art\u00edculo Cuarto. &#8211; Son sujetos de las disposiciones del presente Decreto, conforme a los esquemas de remuneraci\u00f3n, retribuci\u00f3n, cuota de pensi\u00f3n o haber de retiro, los siguientes:<\/p>\n\n\n\n<p>I. Los servidores p\u00fablicos de las Dependencias y Entidades, cuya relaci\u00f3n jur\u00eddica de trabajo se regula por la Ley Federal de los Trabajadores al Servicio del Estado, Reglamentaria del Apartado B) del Art\u00edculo 123 Constitucional, y<\/p>\n\n\n\n<p>II. En forma extensiva,<\/p>\n\n\n\n<p>a) El personal operativo de confianza de las Dependencias y Entidades;<\/p>\n\n\n\n<p>b) El personal de enlace y de mando de las Dependencias y Entidades, as\u00ed como el personal del Servicio Exterior Mexicano que se encuentre cumpliendo funciones en territorio nacional;<\/p>\n\n\n\n<p>c) El personal del Servicio Exterior Mexicano y asimilado a este, que se encuentre cumpliendo funciones en las representaciones de M\u00e9xico en el extranjero;<\/p>\n\n\n\n<p>d) El personal militar en activo;<\/p>\n\n\n\n<p>e) Las personas f\u00edsicas contratadas para prestar sus servicios profesionales bajo el r\u00e9gimen de honorarios con cargo a recursos del cap\u00edtulo de Servicios Personales del Clasificador por Objeto del Gasto para la Administraci\u00f3n P\u00fablica Federal, que prestan sus servicios a las Dependencias y Entidades y al Servicio Exterior Mexicano;<\/p>\n\n\n\n<p>f) Las personas que reciban haberes de retiro, pensi\u00f3n militar, pensi\u00f3n civil, pensi\u00f3n de gracia o los deudos de esas personas a quienes se les haya otorgado una pensi\u00f3n del Instituto de Seguridad y Servicios Sociales de los Trabajadores del Estado o con cargo al erario federal, a los veteranos de la Revoluci\u00f3n que disfruten de una pensi\u00f3n con cargo al Instituto de Seguridad y Servicios Sociales de los Trabajadores del Estado y de cuota adicional con cargo al erario federal, quienes recibir\u00e1n la gratificaci\u00f3n correspondiente por cada uno de esos conceptos al que tengan derecho, y<\/p>\n\n\n\n<p>g) El personal de las dem\u00e1s categor\u00edas no previstas en los incisos anteriores, autorizadas por la Secretar\u00eda de Hacienda y Cr\u00e9dito P\u00fablico en t\u00e9rminos de las disposiciones jur\u00eddicas aplicables.<\/p>\n\n\n\n<p>Del otorgamiento del aguinaldo<\/p>\n\n\n\n<p>Art\u00edculo Quinto. &#8211; El otorgamiento del aguinaldo se realizar\u00e1 conforme a lo siguiente:<\/p>\n\n\n\n<p>I. A los servidores p\u00fablicos a que se refiere el art\u00edculo Cuarto, fracci\u00f3n I, de este Decreto, ser\u00e1 equivalente a cuarenta d\u00edas<\/p>\n\n\n\n<p>II. A los sujetos que se mencionan en cada uno de los incisos, en los t\u00e9rminos siguientes:<\/p>\n\n\n\n<p>a) A los que se refiere el art\u00edculo Cuarto, fracci\u00f3n II, inciso b), de este Decreto, el aguinaldo ser\u00e1 de veinte d\u00edas,<\/p>\n\n\n\n<p>b) A los que se refiere el art\u00edculo Cuarto, fracci\u00f3n II, inciso c), de este Decreto, hasta cuarenta d\u00edas<\/p>\n\n\n\n<p>c) A los que se refiere el art\u00edculo Cuarto, fracci\u00f3n II, incisos a) y d), de este Decreto, hasta cuarenta d\u00edas,<\/p>\n\n\n\n<p>d) A las personas f\u00edsicas contratadas para prestar servicios profesionales bajo el r\u00e9gimen de honorarios en los t\u00e9rminos del art\u00edculo Cuarto, fracci\u00f3n II, inciso e), de este Decreto, recibir\u00e1n por concepto de aguinaldo el monto equivalente que corresponda al aguinaldo que se otorgue al personal con plaza presupuestaria que tenga el nivel equivalente,<\/p>\n\n\n\n<p>e) A los pensionistas a que se refiere el art\u00edculo Cuarto, fracci\u00f3n II, inciso f), de este Decreto, hasta cuarenta d\u00edas de las cuotas que tengan asignadas. Si fueran varios los beneficiarios de una pensi\u00f3n, el monto de la gratificaci\u00f3n se distribuir\u00e1 proporcionalmente entre ellos,<\/p>\n\n\n\n<p>Art\u00edculo Sexto. &#8211; El aguinaldo a que se refiere el art\u00edculo Quinto de este Decreto se podr\u00e1 cubrir a partir del 9 de noviembre de 2020, De la operaci\u00f3n y base de c\u00e1lculo<\/p>\n\n\n\n<p>Art\u00edculo Noveno. &#8211; El monto del aguinaldo se determinar\u00e1 con base en las remuneraciones autorizadas por la Secretar\u00eda de Hacienda y Cr\u00e9dito P\u00fablico.<\/p>\n\n\n\n<p>Para obtener la cuota diaria del servidor p\u00fablico que cobre sus remuneraciones por mes, este se computar\u00e1 de treinta d\u00edas.<\/p>\n\n\n\n<p>Art\u00edculo D\u00e9cimo. &#8211; El pago del aguinaldo deber\u00e1 entregarse directamente a los interesados en la misma forma e igual conducto por el que se les cubren sus percepciones ordinarias. En el caso de los pensionistas, el monto correspondiente podr\u00e1 cubrirse por medio de sus apoderados, conforme hayan venido cobrando la pensi\u00f3n correspondiente. TRANSITORIOS<\/p>\n\n\n\n<p>Primero. &#8211; El presente Decreto entrar\u00e1 en vigor al d\u00eda siguiente de su publicaci\u00f3n en el Diario Oficial de la Federaci\u00f3n.<\/p>\n\n\n\n<p>Segundo. &#8211; Se derogan todas las disposiciones que se opongan al presente Decreto.<\/p>\n\n\n\n<p>FINANZAS<\/p>\n\n\n\n<p>PROGRAMA Institucional 2020-2024 de la Financiera Nacional de Desarrollo Agropecuario, Rural, Forestal y Pesquero.<\/p>\n\n\n\n<p>Con fundamento en los art\u00edculos 8 de la Ley Org\u00e1nica de la Financiera Nacional de Desarrollo Agropecuari o, Rural, Forestal y Pesquero y 31 fracciones VI y XIII de su Estatuto Org\u00e1nico; 47, 48, 49 y 59 fracci\u00f3n II de la Ley Federal de las Entidades Paraestatales y 22 de su Reglamento; 22, 24, 28 y 29 de la Ley de Planeaci\u00f3n, y en t\u00e9rminos de lo establecido en el Plan Nacional de Desarrollo 2019 2024, el Programa Nacional de Financiamiento del Desarrollo 2020-2024<\/p>\n\n\n\n<p>Adicionalmente, el art\u00edculo 12 establece que las dependencias y Entidades de la Administraci\u00f3n P\u00fablica Fe deral deber\u00e1n realizar su planeaci\u00f3n conforme al Sistema Nacional de Planeaci\u00f3n Democr\u00e1tica, por otra parte, el art\u00edculo 14 establece que corresponder\u00e1 a la Secretar\u00eda de Hacienda y Cr\u00e9dito P\u00fablico (SHCP) la coordina ci\u00f3n de dichas actividades, as\u00ed como el establecimiento de criterios generales que deber\u00e1n ser observados pa ra la elaboraci\u00f3n de los programas derivados del Plan Nacional de Desarrollo (PND) La Ley Federal de Entidades Paraestatales en sus art\u00edculos 47, 48, 49 y 59 fracci\u00f3n II, establece que las entid ades paraestatales deber\u00e1n sujetarse a la LP, al PND, al Programa Sectorial y a las asignaciones de gasto y fi nanciamiento autorizadas; formular sus programas institucionales a corto, mediano y largo plazo; contener obj etivos y metas, los resultados econ\u00f3micos y financieros esperados<\/p>\n\n\n\n<p>la Ley Federal de Presupuesto y Responsabilidad Hacendaria en su art\u00edculo 24 establece que la programaci\u00f3n y presupuestaci\u00f3n del gasto p\u00fablico comprender\u00e1 las actividades que deber\u00e1n realizar las dependencias y en tidades para dar cumplimiento a los objetivos, en los programas que se derivan del Plan Nacional de Desarrollo. ElPrograma Institucional participar\u00e1 en 4 de los 17 Objetivos del Desarrollo Sostenible (ODS), establecidos en la Agenda 2030 para el Desarrollo Sostenible de la Organizaci\u00f3n de las Naciones Unidas, que nuestro pa\u00eds su scribi\u00f3 el 25 de septiembre de 2015.<\/p>\n\n\n\n<figure class=\"wp-block-image\"><img decoding=\"async\" src=\"https:\/\/amacac5.webnode.es\/_files\/200000052-9090b9090d\/boletin%20255.png\" alt=\"\"\/><\/figure>\n\n\n\n<p>Durante el periodo neoliberal la intervenci\u00f3n del Estado en la econom\u00eda nacional fue poco a poco perdiend o relevancia, se desplaz\u00f3 la prioridad de fortalecer al campo mexicano; con la privatizaci\u00f3n del ejido y el impul so a las grandes agroindustrias, se minimizaron las condiciones para el desarrollo de las actividades productiv as desempe\u00f1adas en el medio rural.Por consecuencia, fen\u00f3menos como la migraci\u00f3n, el abandono del camp o, la proliferaci\u00f3n de la pobreza y en muchos casos, la inserci\u00f3n del crimen organizado, surgieron como proble m\u00e1ticas que han acrecentado las dificultades de la realidad econ\u00f3mica y social en nuestro pa\u00eds, Asimismo, la carencia de recursos y el acceso a oportunidades excluye a individuos como a grupos de los niv eles m\u00ednimos deseables de bienestar<\/p>\n\n\n\n<p>La marginaci\u00f3n es un fen\u00f3meno estructural originado por diversos contextos hist\u00f3ricos de desarrollo; manifiest a la dificultad para propagar progreso t\u00e9cnico en la estructura productiva en las diferentes regiones del pa\u00eds cuya reversi\u00f3n requiere el concurso activo de los agentes p\u00fablicos, privados y sociales.<\/p>\n\n\n\n<p>Por otro lado, entre la poblaci\u00f3n vulnerable se tiene que las mujeres rurales representan m\u00e1s de un tercio de la pobl aci\u00f3n mundial y que adem\u00e1s aportan el 43% de la mano de obra agr\u00edcola. Dentro de sus actividades cotidiana s est\u00e1n el labrar la tierra y plantar las semillas,<\/p>\n\n\n\n<p>Seg\u00fan cifras de la ENOE al cuarto trimestre de 2019, se estim\u00f3 que en el sector rural en M\u00e9xico existen 15 millones de mujeres, lo que representan el 11.9% de la poblaci\u00f3n total; de ellas el 32% (3.7 millones) est\u00e1n oc upadas en alguna actividad econ\u00f3mica y de esa cifra s\u00f3lo el 14% (531 mil) se dedican a realizar actividades pr imarias; adem\u00e1s de sus arduas actividades dom\u00e9sticas<\/p>\n\n\n\n<p>Otro factor relevante,<\/p>\n\n\n\n<p>es el cambio clim\u00e1tico, el cual ha alterado las condiciones del medio ambiente; en consecuencia, se han incre mentado las variables de precipitaciones pluviales, as\u00ed como la frecuencia de sequ\u00edas o inundaciones; adem\u00e1s de la modificaci\u00f3n en la temperatura que entorpece y\/o inhibe la producci\u00f3n de ciertos cultivos, que afecta ta mbi\u00e9n la cantidad y calidad de los productos;<\/p>\n\n\n\n<p>Adem\u00e1s de la problem\u00e1tica descrita, es importante reconocer y atender las pr\u00e1cticas administrativas en materi a de cr\u00e9dito y financiamiento destinadas a los productores rurales del pa\u00eds, puesto que son necesarios requerimientos de cumplimiento de personalidad jur\u00eddica, garant\u00edas para realizar s olicitudes y certidumbre sobre los t\u00edtulos de propiedad de la tierra que con frecuencia son dif\u00edciles de cumplir p or parte de la poblaci\u00f3n en condiciones de pobreza<\/p>\n\n\n\n<p>Estrategias prioritarias y Acciones puntuales<\/p>\n\n\n\n<p>Objetivo prioritario 1. Aumentar la inclusi\u00f3n financiera en la poblaci\u00f3n del medio rural como medio para el Desarrollo Regional.<\/p>\n\n\n\n<p>Estrategia prioritaria 1.1.- Incrementar la cobertura geogr\u00e1fica con financiamiento en localidades ru rales, a fin de privilegiar a los proyectos prioritarios de mayor impacto social.<\/p>\n\n\n\n<figure class=\"wp-block-image\"><img decoding=\"async\" src=\"https:\/\/amacac5.webnode.es\/_files\/200000053-81e2781e29\/700\/boletin%20255%202.png\" alt=\"\"\/><\/figure>\n\n\n\n<p>Objetivo prioritario 2.- Incrementar el financiamiento a las Unidades Econ\u00f3micas Rurales (UER) de los estratos E2, E3 y E4 mediante servicios financieros y un esquema integral que respondan a sus necesidades.<\/p>\n\n\n\n<p>Estrategia prioritaria 2.1.- Brindar atenci\u00f3n t\u00e9cnica especializada a las Unidades Econ\u00f3micas Rural es para satisfacer sus necesidades financieras.&nbsp;<\/p>\n\n\n\n<figure class=\"wp-block-image\"><img decoding=\"async\" src=\"https:\/\/amacac5.webnode.es\/_files\/200000054-c12b3c12b5\/boletin%20255%203.png\" alt=\"\"\/><\/figure>\n\n\n\n<figure class=\"wp-block-image\"><img decoding=\"async\" src=\"https:\/\/amacac5.webnode.es\/_files\/200000058-5a7a25a7a4\/boletin%20255%204.png\" alt=\"\"\/><\/figure>\n\n\n\n<figure class=\"wp-block-image\"><img decoding=\"async\" src=\"https:\/\/amacac5.webnode.es\/_files\/200000059-a9015a9017\/boletin%20255%205.png\" alt=\"\"\/><\/figure>\n\n\n\n<figure class=\"wp-block-image\"><img decoding=\"async\" src=\"https:\/\/amacac5.webnode.es\/_files\/200000060-7786a7786d\/boletin%20255%206.png\" alt=\"\"\/><\/figure>\n\n\n\n<p>POLITICO<\/p>\n\n\n\n<p>ACUERDO por el que se otorga la Condecoraci\u00f3n Miguel Hidalgo en grado banda al ciudadano mexicano Jes\u00fas Seade Kuri, como un reconocimiento p\u00fablico por sus m\u00e9ritos distinguidos con base a su desempe\u00f1o sobresaliente e intervenci\u00f3n decisiva en las negociaciones que permitieron concretar la firma del T-MEC.<\/p>\n\n\n\n<p>ANDR\u00c9S MANUEL L\u00d3PEZ OBRADOR, Presidente Constitucional de los Estados Unidos Mexicanos, en ejercicio de la facultad que me confiere el art\u00edculo 89, fracci\u00f3n I, de la Constituci\u00f3n Pol\u00edtica de los Estados Unidos Mexicanos, con fundamento en los art\u00edculos 2, 3, 4, 5, 6, fracci\u00f3n I, 19, 26, 33 a 36, fracci\u00f3n III y 37 a 39 de la Ley de Premios, Est\u00edmulos y Recompensas Civiles, y 27 de la Ley Org\u00e1nica de la Administraci\u00f3n P\u00fablica Federal<\/p>\n\n\n\n<p>Que se debe reconocer la entrega y profesionalismo del ciudadano mexicano Jes\u00fas Seade Kuri, por su destacada labor y m\u00e9ritos distinguidos en materia econ\u00f3mica y comercio exterior al haber encabezado con \u00e9xito las negociaciones del Tratado de Libre Comercio entre M\u00e9xico, Estados Unidos y Canad\u00e1 (TMEC), mismas que aportaron grandes beneficios para nuestro pa\u00eds, y<\/p>\n\n\n\n<p>Que, en ese sentido, el Consejo de Premiaci\u00f3n en su D\u00e9cima Quinta Sesi\u00f3n, celebrada el d\u00eda 6 de noviembre de 2020, acord\u00f3 procedente someter a la consideraci\u00f3n del Ejecutivo Federal a mi cargo, otorgar al ciudadano mexicano Jes\u00fas Seade Kuri, la Condecoraci\u00f3n Miguel Hidalgo en grado banda, por lo que he tenido a bien expedir el siguiente<\/p>\n\n\n\n<p>ACUERDO<\/p>\n\n\n\n<p>PRIMERO.- Se otorga la Condecoraci\u00f3n Miguel Hidalgo en grado banda al ciudadano mexicano Jes\u00fas Seade Kuri, como un reconocimiento p\u00fablico por sus m\u00e9ritos distinguidos con base a su desempe\u00f1o sobresaliente e intervenci\u00f3n decisiva en las negociaciones que permitieron concretar la firma del TMEC, dirigiendo las negociaciones con el fin de eliminar las trabas y lograr los mejores beneficios para nuestro pa\u00eds y para las dem\u00e1s naciones firmantes, de conformidad con lo establecido por la Ley de Premios, Est\u00edmulos y Recompensas Civiles.<\/p>\n\n\n\n<p>La condecoraci\u00f3n ser\u00e1 entregada el d\u00eda 11 de noviembre de 2020, en el recinto ubicado en Palacio Nacional en la Ciudad de M\u00e9xico.<\/p>\n\n\n\n<p>TRANSITORIOS<\/p>\n\n\n\n<p>PRIMERO. &#8211; El presente Acuerdo entrar\u00e1 en vigor el mismo d\u00eda de su publicaci\u00f3n en el Diario Oficial de la Federaci\u00f3n.<\/p>\n\n\n\n<p>INTERNACIONAL<\/p>\n\n\n\n<p>El extraordinario viaje de dos meses por Sudam\u00e9rica que Albert Camus hizo hace 71 a\u00f1os<\/p>\n\n\n\n<p>Albert Camus descubri\u00f3 Buenos Aires en 1949, pero a diferencia de Antoine de Saint-Exup\u00e9ry, que termin\u00f3 enamorado de la capital argentina, vio una ciudad enorme con una &#8220;fealdad rara&#8221;.<\/p>\n\n\n\n<p>En esa \u00e9poca, Latinoam\u00e9rica todav\u00eda era sin\u00f3nimo de exotismo en Francia, pero esa imagen ya estaba cambiando gracias a que cada vez m\u00e1s intelectuales europeos visitaban este rinc\u00f3n del mundo y publicaban escritos que se ubicaban en la regi\u00f3n, como lo hab\u00eda hecho Saint-Exup\u00e9ry con su novela Vuelo Nocturno.<\/p>\n\n\n\n<p>El extraordinario recorrido que Camus realiz\u00f3 por Sudam\u00e9rica fue documentado en la obra autobiogr\u00e1fica post mortem Diarios de Viajes, un relato dividido en dos partes en el que tambi\u00e9n cuenta sus aventuras por Norteam\u00e9rica en 1946.<\/p>\n\n\n\n<p>Una &#8220;fealdad rara&#8221;<\/p>\n\n\n\n<p>La Villa Ocampo fue declarada monumento hist\u00f3rico argentino en 1997 y desde la muerte de Victoria en 1979 ha sido administrada por la Unesco.<\/p>\n\n\n\n<p>En sus escritos, Camus describe a Buenos Aires como una ciudad con &#8220;un mont\u00f3n de casas&#8221; y con una &#8220;fealdad rara&#8221;.<\/p>\n\n\n\n<p>Su apreciaci\u00f3n de la metr\u00f3polis argentina contrasta con la que tuvo de la vecina Montevideo, que lo cautiv\u00f3.<\/p>\n\n\n\n<p>Camus naci\u00f3 en la Argelia colonial en 1913 y aunque sus padres eran colonos franceses y en su casa siempre se habl\u00f3 franc\u00e9s, la familia de su madre, Catherine H\u00e9l\u00e8ne Sint\u00e8s, ten\u00eda ra\u00edces en Menorca. Por esa raz\u00f3n, el novelista se sinti\u00f3 siempre muy cercano a la cultura hispana y a la lengua de sus ancestros: el espa\u00f1ol<\/p>\n\n\n\n<p>Chile, un pa\u00eds &#8220;admirable&#8221;<\/p>\n\n\n\n<p>En Chile, el autor de la Peste tuvo una acogida completamente distinta que en la vecina Argentina. Fue la \u00faltima naci\u00f3n que visit\u00f3 en su recorrido por Sudam\u00e9rica, pero es quiz\u00e1 la que m\u00e1s elogios se llev\u00f3.<\/p>\n\n\n\n<p>Algunos expertos le atribuyen a la tuberculosis el mal genio de Camus durante una parte de su viaje.<\/p>\n\n\n\n<p>A su regreso a Francia, el autor estuvo durante meses en un delicado estado de salud, por lo que renunci\u00f3 a giras de esta magnitud en el extranjero, haciendo solo un par de excepciones en Europa.<\/p>\n\n\n\n<p>Pero, en sus escritos parece haberse llevado una experiencia inolvidable en el continente.<\/p>\n\n\n\n<p>Se llev\u00f3 sentimientos encontrados, pero dej\u00f3 un diario que, 71 a\u00f1os despu\u00e9s, sigue sirviendo como inspiraci\u00f3n para muchos eventos culturales, y cuyas an\u00e9cdotas todav\u00eda causan intriga y fascinaci\u00f3n en todo el mundo.<\/p>\n\n\n\n<p>DISCAPACITADOS SOBRESALIENTES<\/p>\n\n\n\n<p>Personas con par\u00e1lisis cerebral dan a conocer sus experiencias en el \u00e1mbito laboral para animar a las empresas a contar con ellas en sus plantillas<\/p>\n\n\n\n<p>Apostando por el empleo en par\u00e1lisis cerebral<\/p>\n\n\n\n<p>Bajo el t\u00edtulo &#8216;Apostando por el empleo en par\u00e1lisis cerebral&#8217;, el encuentro online est\u00e1 organizado por Confederaci\u00f3n ASPACE y en \u00e9l se presentar\u00e1 una gu\u00eda para impulsar los servicios de integraci\u00f3n sociolaboral en sus entidades. El objetivo de esta jornada es involucrar al tejido empresarial en la integraci\u00f3n laboral de este colectivo, dar a conocer los servicios que desde las diferentes entidades ofrecen para favorecer la incorporaci\u00f3n de estas personas y mostrar los beneficios y c\u00f3mo superar posibles dificultades en este tipo de experiencia<\/p>\n\n\n\n<p>Y es que, el art\u00edculo 27 de la Convenci\u00f3n de las Naciones Unidas sobre los Derechos de las Personas con Discapacidad reconoce el derecho de estas personas a trabajar en igualdad de condiciones que el resto de la poblaci\u00f3n<\/p>\n\n\n\n<p>EXPERIENCIAS LABORALES DE PERSONAS CON PAR\u00c1LISIS CEREBRAL<\/p>\n\n\n\n<p>Isabel Mar\u00eda Nieto tiene 45 a\u00f1os y participa en el programa de empleo con apoyo de ASPACE Galicia. En el a\u00f1o 2013, tras formarse en competencias digitales, obtuvo el certificado de profesionalidad para desempe\u00f1ar tareas de limpieza con pr\u00e1cticas en una empresa ordinaria. Esta experiencia le sirvi\u00f3 para decidirse a trabajar y le motiv\u00f3 a buscar un empleo. Fue as\u00ed cuando en 2014 obtuvo su primer empleo en una empresa de limpieza de edificios, en la que estuvo cinco a\u00f1os, para despu\u00e9s continuar su vida laboral en una lavander\u00eda.<\/p>\n\n\n\n<p>SAGRADAS ESCRITURAS<\/p>\n\n\n\n<p>De hecho, sabemos que, si esta tienda de campa\u00f1a en que vivimos se deshace, tenemos de Dios un edificio, una casa eterna en el cielo, no construida por manos humanas.<\/p>\n\n\n\n<p>Corintios 5:1<\/p>\n\n\n\n<p>VIDEOS ADJUNTOS<\/p>\n\n\n\n<figure class=\"wp-block-embed is-type-video is-provider-youtube wp-block-embed-youtube wp-embed-aspect-16-9 wp-has-aspect-ratio\"><div class=\"wp-block-embed__wrapper\">\n<iframe loading=\"lazy\" title=\"Motivaci\u00f3n dar minimo el 100%\" width=\"1140\" height=\"641\" src=\"https:\/\/www.youtube.com\/embed\/I_BFc_yvwhE?feature=oembed\" frameborder=\"0\" allow=\"accelerometer; autoplay; clipboard-write; encrypted-media; gyroscope; picture-in-picture\" allowfullscreen><\/iframe>\n<\/div><\/figure>\n\n\n\n<p>REFLEXION<\/p>\n\n\n\n<p>&#8220;El d\u00eda de tu muerte suceder\u00e1 que lo que t\u00fa posees en este mundo pasar\u00e1 a manos de otra persona. Pero lo que t\u00fa eres ser\u00e1 tuyo para siempre.&#8221; (Henry Van Dyke)<\/p>\n","protected":false},"excerpt":{"rendered":"<p>FISCAL DECRETO que establece las disposiciones para el otorgamiento del aguinaldo correspondiente al ejercicio fiscal de 2020. ANDR\u00c9S MANUEL L\u00d3PEZ OBRADOR, Presidente de los Estados Unidos Mexicanos, en ejercicio de la facultad que me confiere el art\u00edculo 89, fracci\u00f3n I, de la Constituci\u00f3n Pol\u00edtica de los Estados Unidos Mexicanos, con fundamento en los art\u00edculos 75 [&hellip;]<\/p>\n","protected":false},"author":1,"featured_media":0,"parent":0,"menu_order":0,"comment_status":"closed","ping_status":"closed","template":"","meta":{"footnotes":""},"class_list":["post-167","page","type-page","status-publish","hentry","post"],"_links":{"self":[{"href":"https:\/\/amacac.com.mx\/index.php?rest_route=\/wp\/v2\/pages\/167","targetHints":{"allow":["GET"]}}],"collection":[{"href":"https:\/\/amacac.com.mx\/index.php?rest_route=\/wp\/v2\/pages"}],"about":[{"href":"https:\/\/amacac.com.mx\/index.php?rest_route=\/wp\/v2\/types\/page"}],"author":[{"embeddable":true,"href":"https:\/\/amacac.com.mx\/index.php?rest_route=\/wp\/v2\/users\/1"}],"replies":[{"embeddable":true,"href":"https:\/\/amacac.com.mx\/index.php?rest_route=%2Fwp%2Fv2%2Fcomments&post=167"}],"version-history":[{"count":1,"href":"https:\/\/amacac.com.mx\/index.php?rest_route=\/wp\/v2\/pages\/167\/revisions"}],"predecessor-version":[{"id":168,"href":"https:\/\/amacac.com.mx\/index.php?rest_route=\/wp\/v2\/pages\/167\/revisions\/168"}],"wp:attachment":[{"href":"https:\/\/amacac.com.mx\/index.php?rest_route=%2Fwp%2Fv2%2Fmedia&parent=167"}],"curies":[{"name":"wp","href":"https:\/\/api.w.org\/{rel}","templated":true}]}}