{"id":26,"date":"2021-02-22T20:12:09","date_gmt":"2021-02-22T20:12:09","guid":{"rendered":"https:\/\/amacac.com.mx\/?page_id=26"},"modified":"2022-03-13T07:18:34","modified_gmt":"2022-03-13T07:18:34","slug":"el-nuevo-umoma-abre-sus-puertas-2","status":"publish","type":"page","link":"https:\/\/amacac.com.mx\/?page_id=26","title":{"rendered":"Equipo"},"content":{"rendered":"\n<h3 class=\"has-text-align-center has-text-color wp-block-heading\" id=\"antonio-luna-guerra\" style=\"color:#110096\">ANTONIO LUNA GUERRA<\/h3>\n\n\n\n<h2 class=\"has-text-color wp-block-heading\" id=\"antonio-luna-guerra-es-director-y-fundador-de-luna-guerra-y-asociados-s-c\" style=\"color:#f25ea3\"><strong>Antonio Luna Guerra es Director y Fundador de Luna, Guerra y Asociados, S.C.<\/strong><\/h2>\n\n\n\n<h2 class=\"has-text-color wp-block-heading\" id=\"mexicano\" style=\"color:#f25ea3\">Mexicano<\/h2>\n\n\n\n<h2 class=\"has-text-color wp-block-heading\" id=\"perfil-academico\" style=\"color:#f25ea3\"><strong>Perfil acad\u00e9mico:<\/strong><\/h2>\n\n\n\n<h3 class=\"has-text-color wp-block-heading\" id=\"licenciado-en-contaduria-egresado-de-fca-unam-y-licenciado-en-derecho-fes-acatlan-unammaestria-en-administracion-de-las-contribuciones-de-la-fca-unamactualmente-cursando-la-licenciatura-en-economia-en-la-fe-unam\" style=\"color:#f25ea3\">Licenciado en Contadur\u00eda egresado de FCA, UNAM y Licenciado en Derecho FES Acatl\u00e1n, UNAMMaestr\u00eda en Administraci\u00f3n de las Contribuciones de la FCA, UNAMActualmente cursando la Licenciatura en Econom\u00eda en la FE, UNAM<\/h3>\n\n\n\n<h3 class=\"has-text-color wp-block-heading\" id=\"perfil-laboral\" style=\"color:#f25ea3\"><strong>Perfil Laboral:<\/strong><\/h3>\n\n\n\n<h3 class=\"has-text-color wp-block-heading\" id=\"director-de-la-asociacion-mexicana-de-atencion-a-la-capacitacion-a-c\" style=\"color:#f25ea3\">Director de la Asociaci\u00f3n Mexicana de Atenci\u00f3n a la Capacitaci\u00f3n, A.C.<\/h3>\n\n\n\n<h3 class=\"has-text-color wp-block-heading\" id=\"director-del-despacho-luna-guerra-y-asociados-s-c\" style=\"color:#f25ea3\">Director del Despacho Luna Guerra y Asociados, S.C.<\/h3>\n\n\n\n<h3 class=\"has-text-color wp-block-heading\" id=\"profesor-en-el-area-fiscal-contabilidad-y-derecho-en-la-licenciatura-en-contaduria-en-la-fca-unam-desde-1999profesor-de-la-especialidad-en-fiscal-en-el-posgrado-de-la-facultad-de-derecho-de-la-unam-desde-2007\" style=\"color:#f25ea3\">Profesor en el \u00e1rea fiscal, contabilidad y derecho en la Licenciatura en Contadur\u00eda en la FCA UNAM desde 1999Profesor de la Especialidad en Fiscal en el posgrado de la Facultad de Derecho, de la UNAM desde 2007<\/h3>\n\n\n\n<h3 class=\"has-text-color wp-block-heading\" id=\"profesor-de-la-maestria-en-administracion-de-contribuciones-en-la-fca-unam-desde-2012\" style=\"color:#f25ea3\">Profesor de la Maestr\u00eda en Administraci\u00f3n de Contribuciones en la FCA UNAM desde 2012<\/h3>\n\n\n\n<h3 class=\"has-text-color wp-block-heading\" id=\"profesor-de-diplomados-de-titulacion-en-materia-fiscal-desde-2001\" style=\"color:#f25ea3\">Profesor de diplomados de titulaci\u00f3n en materia fiscal desde 2001<\/h3>\n\n\n\n<h3 class=\"has-text-color wp-block-heading\" id=\"conferencista-a-nivel-nacional-en-materia-fiscal-dentro-del-cual-destacan\" style=\"color:#f25ea3\">Conferencista a nivel nacional en materia fiscal, dentro del cual destacan:<\/h3>\n\n\n\n<h3 class=\"has-text-color wp-block-heading\" id=\"curso-de-finanzas-publicas-presupuesto-y-responsabilidad-hacendaria-a-la-camara-de-diputados\" style=\"color:#f25ea3\">Curso de Finanzas P\u00fablicas, Presupuesto y Responsabilidad Hacendaria a la C\u00e1mara de Diputados<\/h3>\n\n\n\n<h3 class=\"has-text-color wp-block-heading\" id=\"presupuesto-publico-y-presupuesto-empresarial-universidad-la-salle\" style=\"color:#f25ea3\">Presupuesto p\u00fablico y Presupuesto Empresarial, Universidad La Salle<\/h3>\n\n\n\n<h3 class=\"has-text-color wp-block-heading\" id=\"valuacion-de-negocios-colegio-de-ingenieros-civiles-de-mexico\" style=\"color:#f25ea3\">Valuaci\u00f3n de Negocios, Colegio de Ingenieros Civiles de M\u00e9xico<\/h3>\n\n\n\n<h3 class=\"has-text-color wp-block-heading\" id=\"reformas-fiscales-fonhapo\" style=\"color:#f25ea3\">Reformas Fiscales, FONHAPO<\/h3>\n\n\n\n<h3 class=\"has-text-color wp-block-heading\" id=\"valuacion-de-intangibles-facultad-de-arquitectura-de-la-unam\" style=\"color:#f25ea3\">Valuaci\u00f3n de Intangibles, Facultad de Arquitectura de la UNAM<\/h3>\n\n\n\n<h3 class=\"has-text-color wp-block-heading\" id=\"colegio-de-contadores-publicos-de-oaxaca-a-c\" style=\"color:#f25ea3\">Colegio de Contadores P\u00fablicos de Oaxaca, A.C.<\/h3>\n\n\n\n<h3 class=\"has-text-color wp-block-heading\" id=\"capacitacion-en-financiera-rural\" style=\"color:#f25ea3\">Capacitaci\u00f3n en Financiera Rural<\/h3>\n\n\n\n<h3 class=\"has-text-color wp-block-heading\" id=\"secretario-de-finanzas-de-la-academia-mexicana-de-la-ciencia-de-sistemas-a-c-de-la-facultad-de-ingenieria-de-la-unam\" style=\"color:#f25ea3\">Secretario de Finanzas de la Academia Mexicana de la Ciencia de Sistemas, A.C. de la Facultad de Ingenier\u00eda de la UNAM.<\/h3>\n\n\n\n<h3 class=\"has-text-color wp-block-heading\" id=\"contador-de-la-academia-mexicana-de-ciencias-artes-tecnologia-y-humanidades-a-c\" style=\"color:#f25ea3\">Contador de la Academia Mexicana de Ciencias, Artes, Tecnolog\u00eda y Humanidades, A.C.<\/h3>\n\n\n\n<h3 class=\"has-text-color wp-block-heading\" id=\"autor-de-mas-de-cien-articulos-en-materia-fiscal-en-las-revistas-consultorio-fiscal-prontuario-de-actualizacion-fiscal-y-laboral\" style=\"color:#f25ea3\"><strong>Autor de m\u00e1s de cien art\u00edculos en materia fiscal en las Revistas Consultorio Fiscal, Prontuario de Actualizaci\u00f3n Fiscal y Laboral<\/strong><\/h3>\n\n\n\n<h3 class=\"has-text-color wp-block-heading\" id=\"director-tecnico-del-boletin-electronico-quincenal-de-la-amacac-con-temas-de-caracter-fiscal-financiero-y-laboral\" style=\"color:#f25ea3\">Director t\u00e9cnico del bolet\u00edn electr\u00f3nico quincenal de la AMACAC, con temas de car\u00e1cter fiscal, financiero y laboral.<\/h3>\n\n\n\n<h3 class=\"has-text-color wp-block-heading\" id=\"asesor-fiscal-y-juridico-de-varias-empresas\" style=\"color:#f25ea3\">Asesor fiscal y jur\u00eddico de varias empresas.<\/h3>\n\n\n\n<h3 class=\"has-text-color wp-block-heading\" id=\"correo-lguerra-lunaguerrayasociados-com-mx\" style=\"color:#f25ea3\">Correo: lguerra@lunaguerrayasociados.com.mx<\/h3>\n\n\n\n<div class=\"wp-block-columns is-layout-flex wp-container-core-columns-is-layout-9d6595d7 wp-block-columns-is-layout-flex\">\n<div class=\"wp-block-column is-layout-flow wp-block-column-is-layout-flow\" style=\"flex-basis:100%\">\n<h3 class=\"has-text-align-center has-text-color wp-block-heading\" id=\"maya-abelina-martinez-pasten\" style=\"color:#f25ea3\"><strong>MAYA ABELINA MART\u00cdNEZ PASTEN<\/strong><\/h3>\n<\/div>\n<\/div>\n\n\n\n<h3 class=\"has-text-color wp-block-heading\" id=\"mexicana\" style=\"color:#f25ea3\">Mexicana<\/h3>\n\n\n\n<h3 class=\"has-text-color wp-block-heading\" id=\"perfil-academico\" style=\"color:#f25ea3\">Perfil acad\u00e9mico<\/h3>\n\n\n\n<h3 class=\"has-text-color wp-block-heading\" id=\"licenciada-en-contaduria-por-la-facultad-de-contaduria-y-administracion-de-la-unam-profesionista-en-administracion-estrategica-de-r-h-con-diplomado-por-la-unam-en-el-ano-2018\" style=\"color:#f25ea3\">Licenciada en Contadur\u00eda por la Facultad de Contadur\u00eda y Administraci\u00f3n de la UNAM.Profesionista en Administraci\u00f3n Estrat\u00e9gica de R.H con diplomado por la UNAM en el a\u00f1o 2018.<\/h3>\n\n\n\n<h3 class=\"has-text-color wp-block-heading\" id=\"perfil-laboral\" style=\"color:#f25ea3\">Perfil Laboral<\/h3>\n\n\n\n<h3 class=\"has-text-color wp-block-heading\" id=\"se-integra-al-equipo-de-luna-guerra-y-asociados-en-el-ano-2011-con-excepcional-actitud-de-servicio-experiencia-y-profesionalismo-logra-los-objetivos-de-los-clientes-con-precision-y-transparencia-esta-a-cargo-de-la-facturacion-electronica-altas-patronales-y-trabajadores-por-idse-presentacion-de-declaraciones-mensuales-y-anuales-realizacion-de-tramites-ante-el-sat-y-atencion-a-contribuyentes\" style=\"color:#f25ea3\">Se integra al equipo de Luna Guerra y Asociados en el a\u00f1o 2011.Con excepcional actitud de servicio, experiencia y profesionalismo, logra los objetivos de los clientes con precisi\u00f3n y transparencia.Est\u00e1 a cargo de la Facturaci\u00f3n Electr\u00f3nica, Altas Patronales y trabajadores por IDSE, presentaci\u00f3n de declaraciones mensuales y anuales, realizaci\u00f3n de tr\u00e1mites ante el SAT y Atenci\u00f3n a Contribuyentes.<\/h3>\n\n\n\n<h3 class=\"has-text-color wp-block-heading\" id=\"correo-mpasten-lunaguerrayasociados-com-mx\" style=\"color:#f25ea3\">Correo: mpasten@lunaguerrayasociados.com.mx<\/h3>\n\n\n\n<div class=\"wp-block-columns alignwide is-layout-flex wp-container-core-columns-is-layout-9d6595d7 wp-block-columns-is-layout-flex\">\n<div class=\"wp-block-column is-layout-flow wp-block-column-is-layout-flow\"><\/div>\n\n\n\n<div class=\"wp-block-column is-layout-flow wp-block-column-is-layout-flow\"><\/div>\n<\/div>\n\n\n\n<div class=\"wp-block-group alignwide\"><div class=\"wp-block-group__inner-container is-layout-flow wp-block-group-is-layout-flow\"><\/div><\/div>\n\n\n\n<p><\/p>\n\n\n\n<div class=\"wp-block-group alignwide has-background\" style=\"background-color:#ffffff\"><div class=\"wp-block-group__inner-container is-layout-flow wp-block-group-is-layout-flow\">\n<div class=\"wp-block-group\"><div class=\"wp-block-group__inner-container is-layout-flow wp-block-group-is-layout-flow\"><\/div><\/div>\n<\/div><\/div>\n","protected":false},"excerpt":{"rendered":"<p>ANTONIO LUNA GUERRA Antonio Luna Guerra es Director y Fundador de Luna, Guerra y Asociados, S.C. Mexicano Perfil acad\u00e9mico: Licenciado en Contadur\u00eda egresado de FCA, UNAM y Licenciado en Derecho FES Acatl\u00e1n, UNAMMaestr\u00eda en Administraci\u00f3n de las Contribuciones de la FCA, UNAMActualmente cursando la Licenciatura en Econom\u00eda en la FE, UNAM Perfil Laboral: Director de [&hellip;]<\/p>\n","protected":false},"author":1,"featured_media":25,"parent":0,"menu_order":0,"comment_status":"closed","ping_status":"closed","template":"","meta":{"footnotes":""},"class_list":["post-26","page","type-page","status-publish","has-post-thumbnail","hentry","post"],"_links":{"self":[{"href":"https:\/\/amacac.com.mx\/index.php?rest_route=\/wp\/v2\/pages\/26","targetHints":{"allow":["GET"]}}],"collection":[{"href":"https:\/\/amacac.com.mx\/index.php?rest_route=\/wp\/v2\/pages"}],"about":[{"href":"https:\/\/amacac.com.mx\/index.php?rest_route=\/wp\/v2\/types\/page"}],"author":[{"embeddable":true,"href":"https:\/\/amacac.com.mx\/index.php?rest_route=\/wp\/v2\/users\/1"}],"replies":[{"embeddable":true,"href":"https:\/\/amacac.com.mx\/index.php?rest_route=%2Fwp%2Fv2%2Fcomments&post=26"}],"version-history":[{"count":18,"href":"https:\/\/amacac.com.mx\/index.php?rest_route=\/wp\/v2\/pages\/26\/revisions"}],"predecessor-version":[{"id":434,"href":"https:\/\/amacac.com.mx\/index.php?rest_route=\/wp\/v2\/pages\/26\/revisions\/434"}],"wp:featuredmedia":[{"embeddable":true,"href":"https:\/\/amacac.com.mx\/index.php?rest_route=\/wp\/v2\/media\/25"}],"wp:attachment":[{"href":"https:\/\/amacac.com.mx\/index.php?rest_route=%2Fwp%2Fv2%2Fmedia&parent=26"}],"curies":[{"name":"wp","href":"https:\/\/api.w.org\/{rel}","templated":true}]}}