{"id":27,"date":"2021-02-22T20:12:09","date_gmt":"2021-02-22T20:12:09","guid":{"rendered":"https:\/\/amacac.com.mx\/?page_id=27"},"modified":"2022-05-08T23:42:36","modified_gmt":"2022-05-08T23:42:36","slug":"sobre-nosotros","status":"publish","type":"page","link":"https:\/\/amacac.com.mx\/?page_id=27","title":{"rendered":"Sobre nosotros"},"content":{"rendered":"\n<h3 class=\"has-text-align-center has-text-color wp-block-heading\" id=\"amacac-a-c-se-constituye-el-10-de-abril-de-2006-en-la-ciudad-de-mexico-por-su-director-y-fundador-contador-publico-y-licenciado-en-derecho-antonio-luna-guerra-la-organizacion-brinda-desde-hace-14-anos-capacitacion-al-publico-en-generalbrindamos-tambien-asesoria-en-materia-juridica-a-gente-discapacitada-y-de-escasos-recursos-durante-caso-anos-20-se-ha-trabajado-de-manera-integral-anteponiendo-las-necesidades-de-los-clientes-con-responsabilidad-etica-y-compromiso-luna-guerra-y-asociados-no-ha-dejado-de-crecer-y-hoy-en-dia-contamos-con-la-confianza-y-el-reconocimiento-amplio-de-nuestros-clientes-los-cursos-impartidos-son-inscritos-en-la-stps\" style=\"color:#f25ea3\">AMACAC, A.C., se constituye el 10 de abril de 2006 en la Ciudad de M\u00e9xico por su director y fundador Contador P\u00fablico y Licenciado en Derecho, Antonio Luna Guerra.La organizaci\u00f3n brinda desde hace 14 a\u00f1os, capacitaci\u00f3n al p\u00fablico en generalBrindamos tambi\u00e9n asesor\u00eda en materia jur\u00eddica a gente discapacitada y de escasos recursos.<br>Durante caso a\u00f1os 20 se ha trabajado de manera integral anteponiendo las necesidades de los clientes con responsabilidad, \u00e9tica y compromiso.Luna Guerra y Asociados no ha dejado de crecer y hoy en d\u00eda contamos con la confianza y el reconocimiento amplio de nuestros clientes.Los cursos impartidos son inscritos en la STPS.<\/h3>\n","protected":false},"excerpt":{"rendered":"<p>AMACAC, A.C., se constituye el 10 de abril de 2006 en la Ciudad de M\u00e9xico por su director y fundador Contador P\u00fablico y Licenciado en Derecho, Antonio Luna Guerra.La organizaci\u00f3n brinda desde hace 14 a\u00f1os, capacitaci\u00f3n al p\u00fablico en generalBrindamos tambi\u00e9n asesor\u00eda en materia jur\u00eddica a gente discapacitada y de escasos recursos.Durante caso a\u00f1os 20 [&hellip;]<\/p>\n","protected":false},"author":1,"featured_media":0,"parent":81,"menu_order":3,"comment_status":"closed","ping_status":"closed","template":"","meta":{"footnotes":""},"class_list":["post-27","page","type-page","status-publish","hentry","post"],"_links":{"self":[{"href":"https:\/\/amacac.com.mx\/index.php?rest_route=\/wp\/v2\/pages\/27","targetHints":{"allow":["GET"]}}],"collection":[{"href":"https:\/\/amacac.com.mx\/index.php?rest_route=\/wp\/v2\/pages"}],"about":[{"href":"https:\/\/amacac.com.mx\/index.php?rest_route=\/wp\/v2\/types\/page"}],"author":[{"embeddable":true,"href":"https:\/\/amacac.com.mx\/index.php?rest_route=\/wp\/v2\/users\/1"}],"replies":[{"embeddable":true,"href":"https:\/\/amacac.com.mx\/index.php?rest_route=%2Fwp%2Fv2%2Fcomments&post=27"}],"version-history":[{"count":7,"href":"https:\/\/amacac.com.mx\/index.php?rest_route=\/wp\/v2\/pages\/27\/revisions"}],"predecessor-version":[{"id":429,"href":"https:\/\/amacac.com.mx\/index.php?rest_route=\/wp\/v2\/pages\/27\/revisions\/429"}],"up":[{"embeddable":true,"href":"https:\/\/amacac.com.mx\/index.php?rest_route=\/wp\/v2\/pages\/81"}],"wp:attachment":[{"href":"https:\/\/amacac.com.mx\/index.php?rest_route=%2Fwp%2Fv2%2Fmedia&parent=27"}],"curies":[{"name":"wp","href":"https:\/\/api.w.org\/{rel}","templated":true}]}}