{"id":81,"date":"2021-02-24T08:09:02","date_gmt":"2021-02-24T08:09:02","guid":{"rendered":"https:\/\/amacac.com.mx\/?page_id=81"},"modified":"2021-02-24T08:09:02","modified_gmt":"2021-02-24T08:09:02","slug":"liderazgo","status":"publish","type":"page","link":"https:\/\/amacac.com.mx\/?page_id=81","title":{"rendered":"Liderazgo"},"content":{"rendered":"\n<p class=\"has-text-align-center\"><strong>Con s\u00f3lo 43 a\u00f1os, mexicano, padre de familia y esposo de una experimentada Contadora, Antonio Luna ha emprendido y tenido varios logros importantes a lo largo de su vida. De esp\u00edritu inquieto y tenaz ha logrado no s\u00f3lo una carrera. Es Licenciado en Contadur\u00eda por parte de la FCA, UNAM y Licenciado en Derecho por parte de la FES Acatl\u00e1n, UNAM. Cuenta con la Maestr\u00eda en Administraci\u00f3n de las Contribuciones de la FCA, UNAM y actualmente se encuentra cursando la Licenciatura en Econom\u00eda en la FE de la UNAM.<\/strong><\/p>\n\n\n\n<p class=\"has-text-align-center\"><strong>Goza de profundo respeto y confianza no s\u00f3lo de su personal a quien ha liderado de excelente forma, sino tambi\u00e9n de la preferencia y confianza de sus clientes quienes permanecen satisfechos con sus servicios desde hace varios a\u00f1os.<\/strong><\/p>\n\n\n\n<p class=\"has-text-align-center\"><strong>La experiencia de Antonio Luna y el cumplimiento de sus objetivos, pues es un hombre que tiene claro ad\u00f3nde quiere ir; le ha llevado a dirigir dos importantes organizaciones, la Asociaci\u00f3n Mexicana para la Atenci\u00f3n a la Capacitaci\u00f3n, A.C., y del Despacho Luna Guerra y Asociados, S.C.\u00a0<\/strong><\/p>\n","protected":false},"excerpt":{"rendered":"<p>Con s\u00f3lo 43 a\u00f1os, mexicano, padre de familia y esposo de una experimentada Contadora, Antonio Luna ha emprendido y tenido varios logros importantes a lo largo de su vida. De esp\u00edritu inquieto y tenaz ha logrado no s\u00f3lo una carrera. Es Licenciado en Contadur\u00eda por parte de la FCA, UNAM y Licenciado en Derecho por [&hellip;]<\/p>\n","protected":false},"author":1,"featured_media":0,"parent":0,"menu_order":0,"comment_status":"closed","ping_status":"closed","template":"","meta":{"footnotes":""},"class_list":["post-81","page","type-page","status-publish","hentry","post"],"_links":{"self":[{"href":"https:\/\/amacac.com.mx\/index.php?rest_route=\/wp\/v2\/pages\/81","targetHints":{"allow":["GET"]}}],"collection":[{"href":"https:\/\/amacac.com.mx\/index.php?rest_route=\/wp\/v2\/pages"}],"about":[{"href":"https:\/\/amacac.com.mx\/index.php?rest_route=\/wp\/v2\/types\/page"}],"author":[{"embeddable":true,"href":"https:\/\/amacac.com.mx\/index.php?rest_route=\/wp\/v2\/users\/1"}],"replies":[{"embeddable":true,"href":"https:\/\/amacac.com.mx\/index.php?rest_route=%2Fwp%2Fv2%2Fcomments&post=81"}],"version-history":[{"count":1,"href":"https:\/\/amacac.com.mx\/index.php?rest_route=\/wp\/v2\/pages\/81\/revisions"}],"predecessor-version":[{"id":82,"href":"https:\/\/amacac.com.mx\/index.php?rest_route=\/wp\/v2\/pages\/81\/revisions\/82"}],"wp:attachment":[{"href":"https:\/\/amacac.com.mx\/index.php?rest_route=%2Fwp%2Fv2%2Fmedia&parent=81"}],"curies":[{"name":"wp","href":"https:\/\/api.w.org\/{rel}","templated":true}]}}