{"id":83,"date":"2021-02-24T08:14:15","date_gmt":"2021-02-24T08:14:15","guid":{"rendered":"https:\/\/amacac.com.mx\/?page_id=83"},"modified":"2021-02-24T08:14:16","modified_gmt":"2021-02-24T08:14:16","slug":"contable-y-fiscal","status":"publish","type":"page","link":"https:\/\/amacac.com.mx\/?page_id=83","title":{"rendered":"Contable y fiscal"},"content":{"rendered":"\n<p class=\"has-text-align-center\"><strong>Nuestros contadores se desempe\u00f1an con \u00e9tica y profesionalismo, garantizando la emisi\u00f3n oportuna de Estados Financieros de su organizaci\u00f3n para la lectura de sus accionistas, sin perder de vista el cumplimiento oportuno de sus obligaciones fiscales.<\/strong><\/p>\n\n\n\n<p class=\"has-text-align-center\"><strong>Proporcionamos Administraci\u00f3n contable y fiscal especializada que permite el adecuado manejo y control de las operaciones de su empresa, as\u00ed como la asesor\u00eda para una adecuada planeaci\u00f3n de su contabilidad, para la eficaz toma de decisiones.<\/strong><\/p>\n\n\n\n<p class=\"has-text-align-center\"><strong>Llevamos contabilidad tanto para fines empresariales como personales de acuerdo a las necesidades del cliente.<\/strong><\/p>\n\n\n\n<p class=\"has-text-align-center\"><strong>Nuestros servicios profesionales contables y fiscales le ofrecen tanto a Personas F\u00edsicas como Personas Morales.<\/strong><\/p>\n\n\n\n<ul class=\"wp-block-list\"><li><strong>Planeaci\u00f3n e Implementaci\u00f3n y organizaci\u00f3n de su sistema contable.<\/strong><\/li><li><strong>Manejo de Flujo de efectivos.<\/strong><\/li><li><strong>Procesamiento de las operaciones contables.<\/strong><\/li><li><strong>Estrategias fiscales a fin de optimizar el pago de impuestos.<\/strong><\/li><li><strong>Preparaci\u00f3n de estados financieros.<\/strong><\/li><li><strong>Elaboraci\u00f3n y presentaci\u00f3n de las declaraciones mensuales.<\/strong><\/li><li><strong>Elaboraci\u00f3n y presentaci\u00f3n de la declaraci\u00f3n anual<\/strong><\/li><li><strong>Elaboraci\u00f3n y presentaci\u00f3n de la declaraci\u00f3n anual.<\/strong><\/li><li><strong>Gesti\u00f3n y determinaci\u00f3n de pagos ante el IMSS y del Impuesto sobre erogaciones, n\u00f3mina, tenencias, derechos, etc.\u00a0<\/strong><\/li><\/ul>\n","protected":false},"excerpt":{"rendered":"<p>Nuestros contadores se desempe\u00f1an con \u00e9tica y profesionalismo, garantizando la emisi\u00f3n oportuna de Estados Financieros de su organizaci\u00f3n para la lectura de sus accionistas, sin perder de vista el cumplimiento oportuno de sus obligaciones fiscales. Proporcionamos Administraci\u00f3n contable y fiscal especializada que permite el adecuado manejo y control de las operaciones de su empresa, as\u00ed [&hellip;]<\/p>\n","protected":false},"author":1,"featured_media":0,"parent":0,"menu_order":0,"comment_status":"closed","ping_status":"closed","template":"","meta":{"footnotes":""},"class_list":["post-83","page","type-page","status-publish","hentry","post"],"_links":{"self":[{"href":"https:\/\/amacac.com.mx\/index.php?rest_route=\/wp\/v2\/pages\/83","targetHints":{"allow":["GET"]}}],"collection":[{"href":"https:\/\/amacac.com.mx\/index.php?rest_route=\/wp\/v2\/pages"}],"about":[{"href":"https:\/\/amacac.com.mx\/index.php?rest_route=\/wp\/v2\/types\/page"}],"author":[{"embeddable":true,"href":"https:\/\/amacac.com.mx\/index.php?rest_route=\/wp\/v2\/users\/1"}],"replies":[{"embeddable":true,"href":"https:\/\/amacac.com.mx\/index.php?rest_route=%2Fwp%2Fv2%2Fcomments&post=83"}],"version-history":[{"count":1,"href":"https:\/\/amacac.com.mx\/index.php?rest_route=\/wp\/v2\/pages\/83\/revisions"}],"predecessor-version":[{"id":84,"href":"https:\/\/amacac.com.mx\/index.php?rest_route=\/wp\/v2\/pages\/83\/revisions\/84"}],"wp:attachment":[{"href":"https:\/\/amacac.com.mx\/index.php?rest_route=%2Fwp%2Fv2%2Fmedia&parent=83"}],"curies":[{"name":"wp","href":"https:\/\/api.w.org\/{rel}","templated":true}]}}