{"id":85,"date":"2021-02-24T08:19:31","date_gmt":"2021-02-24T08:19:31","guid":{"rendered":"https:\/\/amacac.com.mx\/?page_id=85"},"modified":"2022-05-09T00:19:03","modified_gmt":"2022-05-09T00:19:03","slug":"asesoria-outsourcing","status":"publish","type":"page","link":"https:\/\/amacac.com.mx\/?page_id=85","title":{"rendered":"Asesor\u00eda Outsourcing"},"content":{"rendered":"\n<h2 class=\"has-text-align-center has-text-color wp-block-heading\" style=\"color:#f25ea3\">Asesor\u00eda creaci\u00f3n e implementaci\u00f3n en aspectos:<\/h2>\n\n\n\n<h2 class=\"has-text-align-left has-text-color wp-block-heading\" style=\"color:#f25ea3\">a) Financieros<\/h2>\n\n\n\n<h2 class=\"has-text-align-left has-text-color wp-block-heading\" style=\"color:#f25ea3\">b) Recursos Humanos<\/h2>\n","protected":false},"excerpt":{"rendered":"<p>Asesor\u00eda creaci\u00f3n e implementaci\u00f3n en aspectos: a) Financieros b) Recursos Humanos<\/p>\n","protected":false},"author":1,"featured_media":0,"parent":0,"menu_order":0,"comment_status":"closed","ping_status":"closed","template":"","meta":{"footnotes":""},"class_list":["post-85","page","type-page","status-publish","hentry","post"],"_links":{"self":[{"href":"https:\/\/amacac.com.mx\/index.php?rest_route=\/wp\/v2\/pages\/85","targetHints":{"allow":["GET"]}}],"collection":[{"href":"https:\/\/amacac.com.mx\/index.php?rest_route=\/wp\/v2\/pages"}],"about":[{"href":"https:\/\/amacac.com.mx\/index.php?rest_route=\/wp\/v2\/types\/page"}],"author":[{"embeddable":true,"href":"https:\/\/amacac.com.mx\/index.php?rest_route=\/wp\/v2\/users\/1"}],"replies":[{"embeddable":true,"href":"https:\/\/amacac.com.mx\/index.php?rest_route=%2Fwp%2Fv2%2Fcomments&post=85"}],"version-history":[{"count":5,"href":"https:\/\/amacac.com.mx\/index.php?rest_route=\/wp\/v2\/pages\/85\/revisions"}],"predecessor-version":[{"id":456,"href":"https:\/\/amacac.com.mx\/index.php?rest_route=\/wp\/v2\/pages\/85\/revisions\/456"}],"wp:attachment":[{"href":"https:\/\/amacac.com.mx\/index.php?rest_route=%2Fwp%2Fv2%2Fmedia&parent=85"}],"curies":[{"name":"wp","href":"https:\/\/api.w.org\/{rel}","templated":true}]}}