{"id":89,"date":"2021-02-24T08:31:32","date_gmt":"2021-02-24T08:31:32","guid":{"rendered":"https:\/\/amacac.com.mx\/?page_id=89"},"modified":"2021-02-24T08:31:32","modified_gmt":"2021-02-24T08:31:32","slug":"elaboracion-y-valuacion-de-marcas","status":"publish","type":"page","link":"https:\/\/amacac.com.mx\/?page_id=89","title":{"rendered":"Elaboraci\u00f3n y valuaci\u00f3n de marcas"},"content":{"rendered":"\n<p class=\"has-text-align-center\"><strong>Realizamos tambi\u00e9n:<\/strong><\/p>\n\n\n\n<p><strong>a) Dise\u00f1o,<\/strong><\/p>\n\n\n\n<p><strong>b) B\u00fasqueda<\/strong><\/p>\n\n\n\n<p><strong>c) Registro de marcas ante el IMPI<\/strong><\/p>\n\n\n\n<p><strong>d) Valuaci\u00f3n para todos los efectos mencionados.<\/strong><\/p>\n","protected":false},"excerpt":{"rendered":"<p>Realizamos tambi\u00e9n: a) Dise\u00f1o, b) B\u00fasqueda c) Registro de marcas ante el IMPI d) Valuaci\u00f3n para todos los efectos mencionados.<\/p>\n","protected":false},"author":1,"featured_media":0,"parent":0,"menu_order":0,"comment_status":"closed","ping_status":"closed","template":"","meta":{"footnotes":""},"class_list":["post-89","page","type-page","status-publish","hentry","post"],"_links":{"self":[{"href":"https:\/\/amacac.com.mx\/index.php?rest_route=\/wp\/v2\/pages\/89","targetHints":{"allow":["GET"]}}],"collection":[{"href":"https:\/\/amacac.com.mx\/index.php?rest_route=\/wp\/v2\/pages"}],"about":[{"href":"https:\/\/amacac.com.mx\/index.php?rest_route=\/wp\/v2\/types\/page"}],"author":[{"embeddable":true,"href":"https:\/\/amacac.com.mx\/index.php?rest_route=\/wp\/v2\/users\/1"}],"replies":[{"embeddable":true,"href":"https:\/\/amacac.com.mx\/index.php?rest_route=%2Fwp%2Fv2%2Fcomments&post=89"}],"version-history":[{"count":1,"href":"https:\/\/amacac.com.mx\/index.php?rest_route=\/wp\/v2\/pages\/89\/revisions"}],"predecessor-version":[{"id":90,"href":"https:\/\/amacac.com.mx\/index.php?rest_route=\/wp\/v2\/pages\/89\/revisions\/90"}],"wp:attachment":[{"href":"https:\/\/amacac.com.mx\/index.php?rest_route=%2Fwp%2Fv2%2Fmedia&parent=89"}],"curies":[{"name":"wp","href":"https:\/\/api.w.org\/{rel}","templated":true}]}}