{"id":91,"date":"2021-02-24T08:37:12","date_gmt":"2021-02-24T08:37:12","guid":{"rendered":"https:\/\/amacac.com.mx\/?page_id=91"},"modified":"2021-12-16T05:37:38","modified_gmt":"2021-12-16T05:37:38","slug":"medicion-privada","status":"publish","type":"page","link":"https:\/\/amacac.com.mx\/?page_id=91","title":{"rendered":"Medici\u00f3n privada"},"content":{"rendered":"\n<p class=\"has-text-align-center\"><strong>La Mediaci\u00f3n es un medio alternativo para la soluci\u00f3n de un conflicto.<\/strong><\/p>\n\n\n\n<p class=\"has-text-align-center\"><strong>Es un proceso personal, confidencial voluntario, breve, econ\u00f3mico, entre otras cosas.<\/strong><\/p>\n\n\n\n<p class=\"has-text-align-center\"><strong>En la mediaci\u00f3n los interesados se re\u00fanen con un mediador como tercera parte cuyo rol es imparcial y neutral<\/strong><\/p>\n\n\n\n<p class=\"has-text-align-center\"><strong>Se busca establecer un di\u00e1logo en donde las partes interesadas lleguen a un acuerdo de soluci\u00f3n del conflicto. Es conveniente para ambas ya que la finalidad es lograr acuerdos en un convenio con validez legal.<\/strong><\/p>\n\n\n\n<p class=\"has-text-align-center\"><strong>En este caso, el valor de nuestra intervenci\u00f3n es que ya que El Mediador de nuestra organizaci\u00f3n cuenta con Fe P\u00fablica*, por lo que en caso de incumplimiento del convenio, puede ser ejecutado sumariamente por un Juez.<\/strong><\/p>\n\n\n\n<ul class=\"wp-block-list\"><li><strong>*La Fe P\u00fablica es cuando una afirmaci\u00f3n contenida o no en un instrumento se tiene como verdad frente a todas las personas. La Fe P\u00fablica mas conocida es la notarial.<\/strong><\/li><\/ul>\n\n\n\n<p class=\"has-text-align-center\"><strong>En Luna Guerra y Asociados A.C sabemos que cuando inicia un juicio no sabemos cu\u00e1ndo ni c\u00f3mo terminar\u00e1, lo cual representa en la mayor\u00eda de los casos costos muy altos en cuanto a tiempo, dinero, desgaste emocional y an\u00edmico, de igual forma sabemos que los interesados no participan directamente en la soluci\u00f3n, sino a trav\u00e9s de sus abogados, y quien dir\u00e1 la \u00faltima palabra es el Juez, por lo que la Mediaci\u00f3n resulta una excelente alternativa.<\/strong><\/p>\n\n\n\n<p class=\"has-text-align-center\"><strong>El Mediador puede intervenir en conflictos entre particulares, en los que no sea obligada la intervenci\u00f3n de la autoridad, en casos civiles, familiares y mercantiles, para que concluyan en un convenio que una vez suscrito no requiere autorizaci\u00f3n de otra autoridad que no sea el Centro de Justicia Alternativa de la ciudad de M\u00e9xico, que supervisa a los Mediadores Certificados.<\/strong><\/p>\n\n\n\n<h6 class=\"has-text-align-center has-black-color has-text-color wp-block-heading\"><strong>Los convenios constituyen documento p\u00fablico con valor y eficacia legal de cosa juzgada, registrado en el Registro P\u00fablico de la Propiedad y hacerse valer ante cualquier autoridad.MEDIADOR PRIVADO N\u00daMERO 366, CERTIFICADO POR EL TRIBUNAL SUPERIOR DE JUSTICIA DE LA CIUDAD DE M\u00c9XICO.<\/strong><\/h6>\n","protected":false},"excerpt":{"rendered":"<p>La Mediaci\u00f3n es un medio alternativo para la soluci\u00f3n de un conflicto. Es un proceso personal, confidencial voluntario, breve, econ\u00f3mico, entre otras cosas. En la mediaci\u00f3n los interesados se re\u00fanen con un mediador como tercera parte cuyo rol es imparcial y neutral Se busca establecer un di\u00e1logo en donde las partes interesadas lleguen a un [&hellip;]<\/p>\n","protected":false},"author":1,"featured_media":0,"parent":0,"menu_order":0,"comment_status":"closed","ping_status":"closed","template":"","meta":{"footnotes":""},"class_list":["post-91","page","type-page","status-publish","hentry","post"],"_links":{"self":[{"href":"https:\/\/amacac.com.mx\/index.php?rest_route=\/wp\/v2\/pages\/91","targetHints":{"allow":["GET"]}}],"collection":[{"href":"https:\/\/amacac.com.mx\/index.php?rest_route=\/wp\/v2\/pages"}],"about":[{"href":"https:\/\/amacac.com.mx\/index.php?rest_route=\/wp\/v2\/types\/page"}],"author":[{"embeddable":true,"href":"https:\/\/amacac.com.mx\/index.php?rest_route=\/wp\/v2\/users\/1"}],"replies":[{"embeddable":true,"href":"https:\/\/amacac.com.mx\/index.php?rest_route=%2Fwp%2Fv2%2Fcomments&post=91"}],"version-history":[{"count":4,"href":"https:\/\/amacac.com.mx\/index.php?rest_route=\/wp\/v2\/pages\/91\/revisions"}],"predecessor-version":[{"id":326,"href":"https:\/\/amacac.com.mx\/index.php?rest_route=\/wp\/v2\/pages\/91\/revisions\/326"}],"wp:attachment":[{"href":"https:\/\/amacac.com.mx\/index.php?rest_route=%2Fwp%2Fv2%2Fmedia&parent=91"}],"curies":[{"name":"wp","href":"https:\/\/api.w.org\/{rel}","templated":true}]}}