{"id":98,"date":"2021-02-24T09:07:02","date_gmt":"2021-02-24T09:07:02","guid":{"rendered":"https:\/\/amacac.com.mx\/?page_id=98"},"modified":"2022-05-09T00:04:21","modified_gmt":"2022-05-09T00:04:21","slug":"clientes","status":"publish","type":"page","link":"https:\/\/amacac.com.mx\/?page_id=98","title":{"rendered":"Clientes"},"content":{"rendered":"\n<h3 class=\"has-text-align-center has-text-color wp-block-heading\" id=\"corporativo-evenplan\" style=\"color:#f25ea3\">Corporativo Evenplan<\/h3>\n\n\n\n<h3 class=\"has-text-align-center has-text-color wp-block-heading\" id=\"https-www-evenplan-com-mx-a-corporativo-evenplan-se-le-ha-brindado-capacitacion-y-asesoria-tanto-a-sus-empleados-como-a-sus-clientes-se-ha-implementado-una-exitosa-planeacion-patrimonial-y-contable-con-lo-que-se-ha-logrado-optimizar-tanto-sus-recursos-materiales-como-humanos\" style=\"color:#f25ea3\">https:\/\/www.evenplan.com.mx\/A Corporativo Evenplan, se le ha brindado capacitaci\u00f3n y asesor\u00eda tanto a sus empleados como a sus clientes. Se ha implementado una exitosa planeaci\u00f3n patrimonial y contable, con lo que se ha logrado optimizar tanto sus recursos materiales como humanos.<\/h3>\n\n\n\n<h3 class=\"has-text-align-center has-text-color wp-block-heading\" id=\"corporativo-perez-merelles\" style=\"color:#f25ea3\">Corporativo P\u00e9rez Merelles<\/h3>\n\n\n\n<h3 class=\"has-text-align-center has-text-color wp-block-heading\" id=\"https-www-hoteleskinky-com-hotel-picasso-tlahuacse-han-desarrollado-exitosas-negociaciones-tanto-en-gasolineras-como-en-hoteles-cuyos-giros-son-propios-del-corporativo-logrando-la-expansion-con-adquisiciones-y-fusiones-de-gasolineras-se-han-realizado-diversos-convenios-de-mediacion-para-la-facilitacion-de-tramites\" style=\"color:#f25ea3\">https:\/\/www.hoteleskinky.com\/hotel\/picasso-tlahuacSe han desarrollado exitosas negociaciones tanto en gasolineras como en hoteles, cuyos giros son propios del Corporativo, logrando la expansi\u00f3n con adquisiciones y fusiones de gasolineras. Se han realizado diversos convenios de mediaci\u00f3n para la facilitaci\u00f3n de tr\u00e1mites.<\/h3>\n\n\n\n<h3 class=\"has-text-align-center has-text-color wp-block-heading\" id=\"sistema-municipal-para-el-desarrollo-integral-de-la-familia-dif-nezahualcoyotl\" style=\"color:#f25ea3\">Sistema Municipal para el Desarrollo Integral de la Familia DIF Nezahualc\u00f3yotl<\/h3>\n\n\n\n<h3 class=\"has-text-align-center has-text-color wp-block-heading\" id=\"https-www-difneza-gob-mx\" style=\"color:#f25ea3\">https:\/\/www.difneza.gob.mx\/<\/h3>\n\n\n\n<h3 class=\"has-text-align-center has-text-color wp-block-heading\" id=\"bermudez-wiencke-bermudez-abogados-s-c\" style=\"color:#f25ea3\">Berm\u00fadez, Wiencke &amp; Berm\u00fadez Abogados, S.C.<\/h3>\n\n\n\n<h3 class=\"has-text-align-center has-text-color wp-block-heading\" id=\"https-www-bwb-com-mx-exito-en-el-area-juridica-brindando-apoyo-con-periciales-e-interviniendo-en-el-proceso-de-defensa-patrimonial-requerimientos-y-demandas-interpuestas-por-el-sat-se-continua-trabajando-conforme-a-la-legalidad-y-requerimientos\" style=\"color:#f25ea3\">https:\/\/www.bwb.com.mx\/\u00c9xito en el \u00e1rea jur\u00eddica, brindando apoyo con periciales e interviniendo en el proceso de defensa patrimonial, requerimientos y demandas interpuestas por el SAT, se contin\u00faa trabajando conforme a la legalidad y requerimientos.<\/h3>\n\n\n\n<h3 class=\"has-text-align-center has-text-color wp-block-heading\" id=\"comercial-baez\" style=\"color:#f25ea3\">Comercial B\u00e1ez<\/h3>\n\n\n\n<h3 class=\"has-text-align-center has-text-color wp-block-heading\" id=\"https-www-comercialbaez-com-mx-principal-html\" style=\"color:#f25ea3\">https:\/\/www.comercialbaez.com.mx\/Principal.html<\/h3>\n\n\n\n<h3 class=\"has-text-align-center has-text-color wp-block-heading\" id=\"triyana-consultoria-en-administracion-de-negocios\" style=\"color:#f25ea3\">Triyana Consultor\u00eda en Administraci\u00f3n de Negocios<\/h3>\n\n\n\n<h3 class=\"has-text-align-center has-text-color wp-block-heading\" id=\"www-triyanaconsultoria-comse-ha-implementado-una-exitosa-planeacion-patrimonial-y-contable-consorcio-financiero-contable-del-contador-julio-moreno-barcenas\" style=\"color:#f25ea3\">www.triyanaconsultoria.comSe ha implementado una exitosa planeaci\u00f3n patrimonial y contable.Consorcio Financiero-Contable del Contador Julio Moreno B\u00e1rcenas.<\/h3>\n","protected":false},"excerpt":{"rendered":"<p>Corporativo Evenplan https:\/\/www.evenplan.com.mx\/A Corporativo Evenplan, se le ha brindado capacitaci\u00f3n y asesor\u00eda tanto a sus empleados como a sus clientes. Se ha implementado una exitosa planeaci\u00f3n patrimonial y contable, con lo que se ha logrado optimizar tanto sus recursos materiales como humanos. Corporativo P\u00e9rez Merelles https:\/\/www.hoteleskinky.com\/hotel\/picasso-tlahuacSe han desarrollado exitosas negociaciones tanto en gasolineras como en [&hellip;]<\/p>\n","protected":false},"author":1,"featured_media":0,"parent":0,"menu_order":0,"comment_status":"closed","ping_status":"closed","template":"","meta":{"footnotes":""},"class_list":["post-98","page","type-page","status-publish","hentry","post"],"_links":{"self":[{"href":"https:\/\/amacac.com.mx\/index.php?rest_route=\/wp\/v2\/pages\/98","targetHints":{"allow":["GET"]}}],"collection":[{"href":"https:\/\/amacac.com.mx\/index.php?rest_route=\/wp\/v2\/pages"}],"about":[{"href":"https:\/\/amacac.com.mx\/index.php?rest_route=\/wp\/v2\/types\/page"}],"author":[{"embeddable":true,"href":"https:\/\/amacac.com.mx\/index.php?rest_route=\/wp\/v2\/users\/1"}],"replies":[{"embeddable":true,"href":"https:\/\/amacac.com.mx\/index.php?rest_route=%2Fwp%2Fv2%2Fcomments&post=98"}],"version-history":[{"count":21,"href":"https:\/\/amacac.com.mx\/index.php?rest_route=\/wp\/v2\/pages\/98\/revisions"}],"predecessor-version":[{"id":451,"href":"https:\/\/amacac.com.mx\/index.php?rest_route=\/wp\/v2\/pages\/98\/revisions\/451"}],"wp:attachment":[{"href":"https:\/\/amacac.com.mx\/index.php?rest_route=%2Fwp%2Fv2%2Fmedia&parent=98"}],"curies":[{"name":"wp","href":"https:\/\/api.w.org\/{rel}","templated":true}]}}